{"id":7831,"date":"2025-05-23T17:22:29","date_gmt":"2025-05-23T16:22:29","guid":{"rendered":"https:\/\/www.halleauxgrains.com\/site\/?page_id=7831"},"modified":"2025-05-28T08:03:28","modified_gmt":"2025-05-28T07:03:28","slug":"le-grand-sillon","status":"publish","type":"page","link":"https:\/\/www.halleauxgrains.com\/site\/le-grand-sillon\/","title":{"rendered":"LE GRAND SILLON"},"content":{"rendered":"\n<p>Le Grand Sillon est une coop\u00e9ration artistique et culturelle entre trois des acteurs principaux de la culture en Loir-et-Cher :<\/p>\n\n\n\n<p>\u2014 la Halle aux grains &#8211; Sc\u00e8ne nationale de Blois<br>\u2014 <a href=\"https:\/\/www.lhectare.fr\/spectacles\" target=\"_blank\" rel=\"noreferrer noopener\">L\u2019Hectare &#8211; Territoires Vend\u00f4mois, Centre national de la Marionnette<\/a><br>\u2014 <a href=\"http:\/\/www.lechalier.fr\/\" target=\"_blank\" rel=\"noreferrer noopener\">l\u2019\u00c9chalier &#8211; Agence rurale d\u2019actions culturelles et artistiques, Saint-Agil.<\/a><\/p>\n\n\n\n<p>Ensemble ils permettent de renforcer les liens entre les artistes et les populations, et gr\u00e2ce \u00e0 cette volont\u00e9 commune, ils souhaitent enrichir significativement l\u2019offre artistique de spectacle vivant sur le d\u00e9partement.<\/p>\n\n\n\n<p><strong>C\u2019est par un accompagnement partag\u00e9 des \u00e9quipes artistiques, que ce projet ambitieux permet :<\/strong><\/p>\n\n\n\n<p>\u2014 De d\u00e9velopper les accueils en r\u00e9sidence, de cofinancer et soutenir des projets pluridisciplinaires ainsi que des artistes de la R\u00e9gion Centre-Val de Loire.<br>\u2014 D\u2019accueillir sur l\u2019ensemble du territoire, des formes artistiques d\u2019envergure.<br>\u2014 De mutualiser les moyens financiers, humains et techniques, afin de r\u00e9duire les co\u00fbts de production et de diffusion.<br>\u2014 De faciliter et d\u2019harmoniser l\u2019acc\u00e8s aux spectacles dans chacune des trois structures et ainsi favoriser la d\u00e9couverte et la diversit\u00e9 des propositions artistiques aupr\u00e8s des diff\u00e9rentes populations (urbaines et rurales).<\/p>\n\n\n\n<p>Il permet \u00e9galement de :<br>\u2014 Mettre en \u0153uvre une programmation exigeante, et concert\u00e9e, afin d\u2019am\u00e9liorer la pr\u00e9sence artistique sur l\u2019ensemble du Loir-et-Cher.<br>\u2014 D\u2019accro\u00eetre les propositions artistiques en direction du jeune public et des familles.<br>\u2014 De d\u00e9velopper conjointement des projets d\u2019\u00c9ducation Artistique et Culturelle d\u2019ampleur d\u00e9partementale.<\/p>\n\n\n\n<hr class=\"wp-block-separator has-alpha-channel-opacity\"\/>\n\n\n\n<h2 class=\"wp-block-heading has-text-color has-link-color wp-elements-0d86393d26df2fc6a17dec92ed4b9a86\" style=\"color:#00963d\">UN PARTENARIAT INCONTOURNABLE<\/h2>\n\n\n\n<p class=\"has-text-color has-link-color wp-elements-5e4db99b1b9fcbda73dc1ff05b58c3df\" style=\"color:#00963d\"><strong>La Halle aux grains &#8211; Sc\u00e8ne nationale de Blois et L\u2019Hectare &#8211; Territoires Vend\u00f4mois, Centre national de la marionnette !<\/strong><\/p>\n\n\n\n<p>Depuis plus de 20 ans, les deux sc\u00e8nes labellis\u00e9es du d\u00e9partement entretiennent un lien privil\u00e9gi\u00e9 qui permet la circulation des \u0153uvres et des publics entre les deux structures et donc entre les deux villes proches l\u2019une de l\u2019autre.<\/p>\n\n\n\n<p>Cette saison encore, en plus de leur nouvelle collaboration avec l\u2019\u00c9chalier \u00e0 Saint-Agil, les deux th\u00e9\u00e2tres proposent aux spectateur\u00b7trice\u00b7s 6 spectacles pr\u00e9sents dans chacune des deux programmations : des cr\u00e9ations artistiques et des compagnies appr\u00e9ci\u00e9es, qu\u2019ils soutiennent et qu\u2019ils souhaitent partager.<\/p>\n\n\n\n<p>Suivez nos choix de spectacles de danse, de marionnette, de cirque et de th\u00e9\u00e2tre, et laissez aller votre curiosit\u00e9 avec la programmation crois\u00e9e Blois\/Vend\u00f4me !<\/p>\n\n\n\n<p>\u00c0 bient\u00f4t sur les sc\u00e8nes de votre territoire !<\/p>\n\n\n<div class=\"wp-block-image\">\n<figure class=\"aligncenter size-full is-resized\"><img loading=\"lazy\" decoding=\"async\" width=\"2560\" height=\"1710\" src=\"https:\/\/www.halleauxgrains.com\/site\/wp-content\/uploads\/2025\/05\/Visuel-SillonIvanBoccara-scaled.jpg\" alt=\"\" class=\"wp-image-7835\" style=\"width:312px;height:auto\" srcset=\"https:\/\/www.halleauxgrains.com\/site\/wp-content\/uploads\/2025\/05\/Visuel-SillonIvanBoccara-scaled.jpg 2560w, https:\/\/www.halleauxgrains.com\/site\/wp-content\/uploads\/2025\/05\/Visuel-SillonIvanBoccara-300x200.jpg 300w, https:\/\/www.halleauxgrains.com\/site\/wp-content\/uploads\/2025\/05\/Visuel-SillonIvanBoccara-1024x684.jpg 1024w, https:\/\/www.halleauxgrains.com\/site\/wp-content\/uploads\/2025\/05\/Visuel-SillonIvanBoccara-768x513.jpg 768w, https:\/\/www.halleauxgrains.com\/site\/wp-content\/uploads\/2025\/05\/Visuel-SillonIvanBoccara-1536x1026.jpg 1536w, https:\/\/www.halleauxgrains.com\/site\/wp-content\/uploads\/2025\/05\/Visuel-SillonIvanBoccara-2048x1368.jpg 2048w, https:\/\/www.halleauxgrains.com\/site\/wp-content\/uploads\/2025\/05\/Visuel-SillonIvanBoccara-1320x882.jpg 1320w\" sizes=\"(max-width: 2560px) 100vw, 2560px\" \/><\/figure><\/div>\n\n\n<p class=\"has-text-color has-link-color wp-elements-65aca6a74aafe1482229617db1c994c2\" style=\"color:#00963d\"><strong>Les spectacles co-programm\u00e9s cette saison<\/strong><\/p>\n\n\n\n<p class=\"has-black-color has-text-color has-link-color wp-elements-e913f9f6fb7e3536b5eb1b4a03b1d680\"><strong><a href=\"https:\/\/www.halleauxgrains.com\/site\/spectacles\/gadoue\/\" target=\"_blank\" rel=\"noreferrer noopener\"><em>Gadoue<\/em><\/a><\/strong><br>Le Jardin des D\u00e9lices,<br>les 18, 19, 21 et 22 octobre 2025 \u00e0 la Halle aux grains<\/p>\n\n\n\n<p class=\"has-black-color has-text-color has-link-color wp-elements-e5339b9a0d93c08d67479558aae956c4\"><a href=\"https:\/\/www.halleauxgrains.com\/site\/spectacles\/rhinoceros\/\" target=\"_blank\" rel=\"noreferrer noopener\"><em><strong>Rhinoc\u00e9ros<\/strong><\/em><br><\/a>B\u00e9rang\u00e8re Vantusso \u2013 CDN Th\u00e9\u00e2tre<br>Olympia, le 4 d\u00e9cembre 2025 au Minotaure<\/p>\n\n\n\n<p class=\"has-black-color has-text-color has-link-color wp-elements-08017e99b8630d8ca3eb5e6f1bb6eec1\"><em><strong><a href=\"https:\/\/www.halleauxgrains.com\/site\/spectacles\/vers-les-metamorphoses\/\" target=\"_blank\" rel=\"noreferrer noopener\">Vers les m\u00e9tamorphoses<br><\/a><\/strong><\/em>\u00c9tienne Saglio \u2013 Cie Monstre(s),<br>les 22 et 23 janvier 2026 au Minotaure<\/p>\n\n\n\n<p class=\"has-black-color has-text-color has-link-color wp-elements-9a3cff3e864dc6de05a6578cdeb156ac\"><em><strong><a href=\"https:\/\/www.halleauxgrains.com\/site\/spectacles\/nexus-de-ladoration\/\">Nexus de l\u2019adoration<br><\/a><\/strong><\/em>Joris Lacoste \u2013 Cie \u00c9chelle 1:1,<br>le 27 mars 2026 \u00e0 la Halle aux grains<\/p>\n\n\n\n<p class=\"has-text-color has-link-color wp-elements-e711eaa98ebe35a14bfe9c1da14c0a61\" style=\"color:#00963d\"><strong>Les spectacles crois\u00e9s cette saison<\/strong><\/p>\n\n\n\n<p class=\"has-black-color has-text-color has-link-color wp-elements-56eb922579b88498db35a3f1f7808860\"><strong><em><a href=\"https:\/\/www.halleauxgrains.com\/site\/spectacles\/dans-mon-foutu-zoo\/\" target=\"_blank\" rel=\"noreferrer noopener\">Dans mon foutu zoo<br><\/a><\/em><\/strong>Le Printemps du Machiniste,<br>le 20 novembre 2025 au Minotaure<\/p>\n\n\n\n<p class=\"has-black-color has-text-color has-link-color wp-elements-30835905d659010297547eae2b99659f\"><em><a href=\"https:\/\/www.halleauxgrains.com\/site\/spectacles\/a-vue\/\"><strong>\u00c0 vue<br><\/strong><\/a><\/em>Cie 32 novembre,<br>les 12 et 13 f\u00e9vrier 2026 \u00e0 la Halle aux grains<\/p>\n","protected":false},"excerpt":{"rendered":"<p>Le Grand Sillon est une coop\u00e9ration artistique et culturelle entre trois des acteurs principaux de la culture en Loir-et-Cher : \u2014 la Halle aux grains &#8211; Sc\u00e8ne nationale de Blois\u2014 L\u2019Hectare &#8211; Territoires Vend\u00f4mois, Centre national de la Marionnette\u2014 l\u2019\u00c9chalier &#8211; Agence rurale d\u2019actions culturelles et artistiques, Saint-Agil. Ensemble ils permettent de renforcer les liens &hellip; <a href=\"https:\/\/www.halleauxgrains.com\/site\/le-grand-sillon\/\" class=\"more-link\">Continue reading <span class=\"screen-reader-text\">LE GRAND SILLON<\/span><\/a><\/p>\n","protected":false},"author":2,"featured_media":0,"parent":0,"menu_order":0,"comment_status":"closed","ping_status":"closed","template":"","meta":{"footnotes":""},"acf":[],"yoast_head":"<!-- This site is optimized with the Yoast SEO plugin v21.6 - https:\/\/yoast.com\/wordpress\/plugins\/seo\/ -->\n<title>LE GRAND SILLON - Halle aux grains | Sc\u00e8ne nationale de Blois<\/title>\n<meta name=\"robots\" content=\"index, follow, max-snippet:-1, max-image-preview:large, max-video-preview:-1\" \/>\n<link rel=\"canonical\" href=\"https:\/\/www.halleauxgrains.com\/site\/le-grand-sillon\/\" \/>\n<meta property=\"og:locale\" content=\"fr_FR\" \/>\n<meta property=\"og:type\" content=\"article\" \/>\n<meta property=\"og:title\" content=\"LE GRAND SILLON - Halle aux grains | Sc\u00e8ne nationale de Blois\" \/>\n<meta property=\"og:description\" content=\"Le Grand Sillon est une coop\u00e9ration artistique et culturelle entre trois des acteurs principaux de la culture en Loir-et-Cher : \u2014 la Halle aux grains &#8211; Sc\u00e8ne nationale de Blois\u2014 L\u2019Hectare &#8211; Territoires Vend\u00f4mois, Centre national de la Marionnette\u2014 l\u2019\u00c9chalier &#8211; Agence rurale d\u2019actions culturelles et artistiques, Saint-Agil. Ensemble ils permettent de renforcer les liens &hellip; Continue reading LE GRAND SILLON\" \/>\n<meta property=\"og:url\" content=\"https:\/\/www.halleauxgrains.com\/site\/le-grand-sillon\/\" \/>\n<meta property=\"og:site_name\" content=\"Halle aux grains | Sc\u00e8ne nationale de Blois\" \/>\n<meta property=\"article:publisher\" content=\"https:\/\/www.facebook.com\/scenenationaledeblois\" \/>\n<meta property=\"article:modified_time\" content=\"2025-05-28T07:03:28+00:00\" \/>\n<meta property=\"og:image\" content=\"https:\/\/www.halleauxgrains.com\/site\/wp-content\/uploads\/2025\/05\/Visuel-SillonIvanBoccara-scaled.jpg\" \/>\n<meta name=\"twitter:card\" content=\"summary_large_image\" \/>\n<meta name=\"twitter:label1\" content=\"Dur\u00e9e de lecture estim\u00e9e\" \/>\n\t<meta name=\"twitter:data1\" content=\"3 minutes\" \/>\n<script type=\"application\/ld+json\" class=\"yoast-schema-graph\">{\"@context\":\"https:\/\/schema.org\",\"@graph\":[{\"@type\":\"WebPage\",\"@id\":\"https:\/\/www.halleauxgrains.com\/site\/le-grand-sillon\/\",\"url\":\"https:\/\/www.halleauxgrains.com\/site\/le-grand-sillon\/\",\"name\":\"LE GRAND SILLON - Halle aux grains | Sc\u00e8ne nationale de Blois\",\"isPartOf\":{\"@id\":\"https:\/\/www.halleauxgrains.com\/site\/#website\"},\"datePublished\":\"2025-05-23T16:22:29+00:00\",\"dateModified\":\"2025-05-28T07:03:28+00:00\",\"breadcrumb\":{\"@id\":\"https:\/\/www.halleauxgrains.com\/site\/le-grand-sillon\/#breadcrumb\"},\"inLanguage\":\"fr-FR\",\"potentialAction\":[{\"@type\":\"ReadAction\",\"target\":[\"https:\/\/www.halleauxgrains.com\/site\/le-grand-sillon\/\"]}]},{\"@type\":\"BreadcrumbList\",\"@id\":\"https:\/\/www.halleauxgrains.com\/site\/le-grand-sillon\/#breadcrumb\",\"itemListElement\":[{\"@type\":\"ListItem\",\"position\":1,\"name\":\"Accueil\",\"item\":\"https:\/\/www.halleauxgrains.com\/site\/\"},{\"@type\":\"ListItem\",\"position\":2,\"name\":\"LE GRAND SILLON\"}]},{\"@type\":\"WebSite\",\"@id\":\"https:\/\/www.halleauxgrains.com\/site\/#website\",\"url\":\"https:\/\/www.halleauxgrains.com\/site\/\",\"name\":\"Halle aux grains | Sc\u00e8ne nationale de Blois\",\"description\":\"\",\"publisher\":{\"@id\":\"https:\/\/www.halleauxgrains.com\/site\/#organization\"},\"potentialAction\":[{\"@type\":\"SearchAction\",\"target\":{\"@type\":\"EntryPoint\",\"urlTemplate\":\"https:\/\/www.halleauxgrains.com\/site\/?s={search_term_string}\"},\"query-input\":\"required name=search_term_string\"}],\"inLanguage\":\"fr-FR\"},{\"@type\":\"Organization\",\"@id\":\"https:\/\/www.halleauxgrains.com\/site\/#organization\",\"name\":\"Halle aux grains | Sc\u00e8ne nationale de Blois\",\"url\":\"https:\/\/www.halleauxgrains.com\/site\/\",\"logo\":{\"@type\":\"ImageObject\",\"inLanguage\":\"fr-FR\",\"@id\":\"https:\/\/www.halleauxgrains.com\/site\/#\/schema\/logo\/image\/\",\"url\":\"https:\/\/www.halleauxgrains.com\/site\/wp-content\/uploads\/2025\/05\/VisuelSiteAccueil.jpg\",\"contentUrl\":\"https:\/\/www.halleauxgrains.com\/site\/wp-content\/uploads\/2025\/05\/VisuelSiteAccueil.jpg\",\"width\":775,\"height\":775,\"caption\":\"Halle aux grains | Sc\u00e8ne nationale de Blois\"},\"image\":{\"@id\":\"https:\/\/www.halleauxgrains.com\/site\/#\/schema\/logo\/image\/\"},\"sameAs\":[\"https:\/\/www.facebook.com\/scenenationaledeblois\",\"https:\/\/www.instagram.com\/lahagscenenationaledeblois\",\"https:\/\/www.linkedin.com\/company\/la-halle-aux-grains-scene-nationale-de-blois\/\"]}]}<\/script>\n<!-- \/ Yoast SEO plugin. -->","yoast_head_json":{"title":"LE GRAND SILLON - Halle aux grains | Sc\u00e8ne nationale de Blois","robots":{"index":"index","follow":"follow","max-snippet":"max-snippet:-1","max-image-preview":"max-image-preview:large","max-video-preview":"max-video-preview:-1"},"canonical":"https:\/\/www.halleauxgrains.com\/site\/le-grand-sillon\/","og_locale":"fr_FR","og_type":"article","og_title":"LE GRAND SILLON - Halle aux grains | Sc\u00e8ne nationale de Blois","og_description":"Le Grand Sillon est une coop\u00e9ration artistique et culturelle entre trois des acteurs principaux de la culture en Loir-et-Cher : \u2014 la Halle aux grains &#8211; Sc\u00e8ne nationale de Blois\u2014 L\u2019Hectare &#8211; Territoires Vend\u00f4mois, Centre national de la Marionnette\u2014 l\u2019\u00c9chalier &#8211; Agence rurale d\u2019actions culturelles et artistiques, Saint-Agil. Ensemble ils permettent de renforcer les liens &hellip; Continue reading LE GRAND SILLON","og_url":"https:\/\/www.halleauxgrains.com\/site\/le-grand-sillon\/","og_site_name":"Halle aux grains | Sc\u00e8ne nationale de Blois","article_publisher":"https:\/\/www.facebook.com\/scenenationaledeblois","article_modified_time":"2025-05-28T07:03:28+00:00","og_image":[{"url":"https:\/\/www.halleauxgrains.com\/site\/wp-content\/uploads\/2025\/05\/Visuel-SillonIvanBoccara-scaled.jpg"}],"twitter_card":"summary_large_image","twitter_misc":{"Dur\u00e9e de lecture estim\u00e9e":"3 minutes"},"schema":{"@context":"https:\/\/schema.org","@graph":[{"@type":"WebPage","@id":"https:\/\/www.halleauxgrains.com\/site\/le-grand-sillon\/","url":"https:\/\/www.halleauxgrains.com\/site\/le-grand-sillon\/","name":"LE GRAND SILLON - Halle aux grains | Sc\u00e8ne nationale de Blois","isPartOf":{"@id":"https:\/\/www.halleauxgrains.com\/site\/#website"},"datePublished":"2025-05-23T16:22:29+00:00","dateModified":"2025-05-28T07:03:28+00:00","breadcrumb":{"@id":"https:\/\/www.halleauxgrains.com\/site\/le-grand-sillon\/#breadcrumb"},"inLanguage":"fr-FR","potentialAction":[{"@type":"ReadAction","target":["https:\/\/www.halleauxgrains.com\/site\/le-grand-sillon\/"]}]},{"@type":"BreadcrumbList","@id":"https:\/\/www.halleauxgrains.com\/site\/le-grand-sillon\/#breadcrumb","itemListElement":[{"@type":"ListItem","position":1,"name":"Accueil","item":"https:\/\/www.halleauxgrains.com\/site\/"},{"@type":"ListItem","position":2,"name":"LE GRAND SILLON"}]},{"@type":"WebSite","@id":"https:\/\/www.halleauxgrains.com\/site\/#website","url":"https:\/\/www.halleauxgrains.com\/site\/","name":"Halle aux grains | Sc\u00e8ne nationale de Blois","description":"","publisher":{"@id":"https:\/\/www.halleauxgrains.com\/site\/#organization"},"potentialAction":[{"@type":"SearchAction","target":{"@type":"EntryPoint","urlTemplate":"https:\/\/www.halleauxgrains.com\/site\/?s={search_term_string}"},"query-input":"required name=search_term_string"}],"inLanguage":"fr-FR"},{"@type":"Organization","@id":"https:\/\/www.halleauxgrains.com\/site\/#organization","name":"Halle aux grains | Sc\u00e8ne nationale de Blois","url":"https:\/\/www.halleauxgrains.com\/site\/","logo":{"@type":"ImageObject","inLanguage":"fr-FR","@id":"https:\/\/www.halleauxgrains.com\/site\/#\/schema\/logo\/image\/","url":"https:\/\/www.halleauxgrains.com\/site\/wp-content\/uploads\/2025\/05\/VisuelSiteAccueil.jpg","contentUrl":"https:\/\/www.halleauxgrains.com\/site\/wp-content\/uploads\/2025\/05\/VisuelSiteAccueil.jpg","width":775,"height":775,"caption":"Halle aux grains | Sc\u00e8ne nationale de Blois"},"image":{"@id":"https:\/\/www.halleauxgrains.com\/site\/#\/schema\/logo\/image\/"},"sameAs":["https:\/\/www.facebook.com\/scenenationaledeblois","https:\/\/www.instagram.com\/lahagscenenationaledeblois","https:\/\/www.linkedin.com\/company\/la-halle-aux-grains-scene-nationale-de-blois\/"]}]}},"publishpress_future_action":{"enabled":false,"date":"1970-01-01 01:00:00","action":"","terms":[],"taxonomy":"","browser_timezone_offset":0},"_links":{"self":[{"href":"https:\/\/www.halleauxgrains.com\/site\/wp-json\/wp\/v2\/pages\/7831"}],"collection":[{"href":"https:\/\/www.halleauxgrains.com\/site\/wp-json\/wp\/v2\/pages"}],"about":[{"href":"https:\/\/www.halleauxgrains.com\/site\/wp-json\/wp\/v2\/types\/page"}],"author":[{"embeddable":true,"href":"https:\/\/www.halleauxgrains.com\/site\/wp-json\/wp\/v2\/users\/2"}],"replies":[{"embeddable":true,"href":"https:\/\/www.halleauxgrains.com\/site\/wp-json\/wp\/v2\/comments?post=7831"}],"version-history":[{"count":3,"href":"https:\/\/www.halleauxgrains.com\/site\/wp-json\/wp\/v2\/pages\/7831\/revisions"}],"predecessor-version":[{"id":7836,"href":"https:\/\/www.halleauxgrains.com\/site\/wp-json\/wp\/v2\/pages\/7831\/revisions\/7836"}],"wp:attachment":[{"href":"https:\/\/www.halleauxgrains.com\/site\/wp-json\/wp\/v2\/media?parent=7831"}],"curies":[{"name":"wp","href":"https:\/\/api.w.org\/{rel}","templated":true}]}}