{"id":659,"date":"2016-07-04T10:04:59","date_gmt":"2016-07-04T09:04:59","guid":{"rendered":"https:\/\/www.halleauxgrains.com\/site\/?page_id=659"},"modified":"2025-11-07T15:44:19","modified_gmt":"2025-11-07T14:44:19","slug":"liste-d-attente","status":"publish","type":"page","link":"https:\/\/www.halleauxgrains.com\/site\/liste-d-attente\/","title":{"rendered":"Liste d\u2019attente"},"content":{"rendered":"\n<p style=\"font-size:25px\"><strong>Pour mettre toutes les chances de votre c\u00f4t\u00e9<\/strong>&#8230;<\/p>\n\n\n\n<p style=\"font-size:25px\">lisez ces informations avant de vous inscrire !<\/p>\n\n\n\n<div style=\"height:12px\" aria-hidden=\"true\" class=\"wp-block-spacer\"><\/div>\n\n\n\n<ul>\n<li><strong>Si des places se lib\u00e8rent<\/strong>, nous essayerons de vous joindre par mail ou par t\u00e9l\u00e9phone. Enregistrez notre num\u00e9ro (0254904400) et notre mail (billetterie@halleauxgrains.com) dans votre r\u00e9pertoire  pour ne pas manquer nos communications !<\/li>\n\n\n\n<li><strong>Retenez la date dans votre agenda<\/strong> pour rester disponible ! Si vous prenez d\u2019autres engagements, pr\u00e9venez-nous !&nbsp;<\/li>\n\n\n\n<li><strong>Des places peuvent se lib\u00e9rer<\/strong> tr\u00e8s en amont ou au contraire au dernier moment et pour toutes sortes de raisons.<\/li>\n\n\n\n<li><strong>Vous pouvez vous inscrire<\/strong> sur plusieurs repr\u00e9sentations.<\/li>\n\n\n\n<li><strong>Merci de ne valider qu\u2019une seule fois<\/strong> le formulaire, ne faites pas plusieurs fois la m\u00eame inscription !<\/li>\n\n\n\n<li><strong>Si nous n\u2019avons pas pu prendre contact avec vous<\/strong> avant le spectacle, tentez votre chance le soir m\u00eame sur place, le succ\u00e8s est souvent au rendez-vous !<\/li>\n\n\n\n<li><strong>Une fois votre demande d\u2019inscription envoy\u00e9e<\/strong>, vous ne recevrez pas de confirmation suppl\u00e9mentaire par mail.<\/li>\n\n\n\n<li>Pour <strong>modifier<\/strong> ou <strong>annuler<\/strong> une inscription d\u00e9j\u00e0 pass\u00e9e, envoyez un mail \u00e0 <a href=\"mailto:billetterie@halleauxgrains.com\">billetterie@halleauxgrains.com<\/a>.<\/li>\n<\/ul>\n","protected":false},"excerpt":{"rendered":"<p>Pour mettre toutes les chances de votre c\u00f4t\u00e9&#8230; lisez ces informations avant de vous inscrire !<\/p>\n","protected":false},"author":1,"featured_media":0,"parent":0,"menu_order":37,"comment_status":"closed","ping_status":"closed","template":"templates\/hag_liste_attente.php","meta":{"footnotes":""},"acf":[],"yoast_head":"<!-- This site is optimized with the Yoast SEO plugin v21.6 - https:\/\/yoast.com\/wordpress\/plugins\/seo\/ -->\n<title>Liste d\u2019attente - Halle aux grains | Sc\u00e8ne nationale de Blois<\/title>\n<meta name=\"robots\" content=\"index, follow, max-snippet:-1, max-image-preview:large, max-video-preview:-1\" \/>\n<link rel=\"canonical\" href=\"https:\/\/www.halleauxgrains.com\/site\/liste-d-attente\/\" \/>\n<meta property=\"og:locale\" content=\"fr_FR\" \/>\n<meta property=\"og:type\" content=\"article\" \/>\n<meta property=\"og:title\" content=\"Liste d\u2019attente - Halle aux grains | Sc\u00e8ne nationale de Blois\" \/>\n<meta property=\"og:description\" content=\"Pour mettre toutes les chances de votre c\u00f4t\u00e9&#8230; lisez ces informations avant de vous inscrire !\" \/>\n<meta property=\"og:url\" content=\"https:\/\/www.halleauxgrains.com\/site\/liste-d-attente\/\" \/>\n<meta property=\"og:site_name\" content=\"Halle aux grains | Sc\u00e8ne nationale de Blois\" \/>\n<meta property=\"article:publisher\" content=\"https:\/\/www.facebook.com\/scenenationaledeblois\" \/>\n<meta property=\"article:modified_time\" content=\"2025-11-07T14:44:19+00:00\" \/>\n<meta property=\"og:image\" content=\"https:\/\/www.halleauxgrains.com\/site\/wp-content\/uploads\/2025\/05\/Header-NL230525-VisuelSaison.jpg\" \/>\n\t<meta property=\"og:image:width\" content=\"660\" \/>\n\t<meta property=\"og:image:height\" content=\"365\" \/>\n\t<meta property=\"og:image:type\" content=\"image\/jpeg\" \/>\n<meta name=\"twitter:card\" content=\"summary_large_image\" \/>\n<meta name=\"twitter:label1\" content=\"Dur\u00e9e de lecture estim\u00e9e\" \/>\n\t<meta name=\"twitter:data1\" content=\"1 minute\" \/>\n<script type=\"application\/ld+json\" class=\"yoast-schema-graph\">{\"@context\":\"https:\/\/schema.org\",\"@graph\":[{\"@type\":\"WebPage\",\"@id\":\"https:\/\/www.halleauxgrains.com\/site\/liste-d-attente\/\",\"url\":\"https:\/\/www.halleauxgrains.com\/site\/liste-d-attente\/\",\"name\":\"Liste d\u2019attente - Halle aux grains | Sc\u00e8ne nationale de Blois\",\"isPartOf\":{\"@id\":\"https:\/\/www.halleauxgrains.com\/site\/#website\"},\"datePublished\":\"2016-07-04T09:04:59+00:00\",\"dateModified\":\"2025-11-07T14:44:19+00:00\",\"breadcrumb\":{\"@id\":\"https:\/\/www.halleauxgrains.com\/site\/liste-d-attente\/#breadcrumb\"},\"inLanguage\":\"fr-FR\",\"potentialAction\":[{\"@type\":\"ReadAction\",\"target\":[\"https:\/\/www.halleauxgrains.com\/site\/liste-d-attente\/\"]}]},{\"@type\":\"BreadcrumbList\",\"@id\":\"https:\/\/www.halleauxgrains.com\/site\/liste-d-attente\/#breadcrumb\",\"itemListElement\":[{\"@type\":\"ListItem\",\"position\":1,\"name\":\"Accueil\",\"item\":\"https:\/\/www.halleauxgrains.com\/site\/\"},{\"@type\":\"ListItem\",\"position\":2,\"name\":\"Liste d\u2019attente\"}]},{\"@type\":\"WebSite\",\"@id\":\"https:\/\/www.halleauxgrains.com\/site\/#website\",\"url\":\"https:\/\/www.halleauxgrains.com\/site\/\",\"name\":\"Halle aux grains | Sc\u00e8ne nationale de Blois\",\"description\":\"\",\"publisher\":{\"@id\":\"https:\/\/www.halleauxgrains.com\/site\/#organization\"},\"potentialAction\":[{\"@type\":\"SearchAction\",\"target\":{\"@type\":\"EntryPoint\",\"urlTemplate\":\"https:\/\/www.halleauxgrains.com\/site\/?s={search_term_string}\"},\"query-input\":\"required name=search_term_string\"}],\"inLanguage\":\"fr-FR\"},{\"@type\":\"Organization\",\"@id\":\"https:\/\/www.halleauxgrains.com\/site\/#organization\",\"name\":\"Halle aux grains | Sc\u00e8ne nationale de Blois\",\"url\":\"https:\/\/www.halleauxgrains.com\/site\/\",\"logo\":{\"@type\":\"ImageObject\",\"inLanguage\":\"fr-FR\",\"@id\":\"https:\/\/www.halleauxgrains.com\/site\/#\/schema\/logo\/image\/\",\"url\":\"https:\/\/www.halleauxgrains.com\/site\/wp-content\/uploads\/2025\/05\/VisuelSiteAccueil.jpg\",\"contentUrl\":\"https:\/\/www.halleauxgrains.com\/site\/wp-content\/uploads\/2025\/05\/VisuelSiteAccueil.jpg\",\"width\":775,\"height\":775,\"caption\":\"Halle aux grains | Sc\u00e8ne nationale de Blois\"},\"image\":{\"@id\":\"https:\/\/www.halleauxgrains.com\/site\/#\/schema\/logo\/image\/\"},\"sameAs\":[\"https:\/\/www.facebook.com\/scenenationaledeblois\",\"https:\/\/www.instagram.com\/lahagscenenationaledeblois\",\"https:\/\/www.linkedin.com\/company\/la-halle-aux-grains-scene-nationale-de-blois\/\"]}]}<\/script>\n<!-- \/ Yoast SEO plugin. -->","yoast_head_json":{"title":"Liste d\u2019attente - Halle aux grains | Sc\u00e8ne nationale de Blois","robots":{"index":"index","follow":"follow","max-snippet":"max-snippet:-1","max-image-preview":"max-image-preview:large","max-video-preview":"max-video-preview:-1"},"canonical":"https:\/\/www.halleauxgrains.com\/site\/liste-d-attente\/","og_locale":"fr_FR","og_type":"article","og_title":"Liste d\u2019attente - Halle aux grains | Sc\u00e8ne nationale de Blois","og_description":"Pour mettre toutes les chances de votre c\u00f4t\u00e9&#8230; lisez ces informations avant de vous inscrire !","og_url":"https:\/\/www.halleauxgrains.com\/site\/liste-d-attente\/","og_site_name":"Halle aux grains | Sc\u00e8ne nationale de Blois","article_publisher":"https:\/\/www.facebook.com\/scenenationaledeblois","article_modified_time":"2025-11-07T14:44:19+00:00","og_image":[{"width":660,"height":365,"url":"https:\/\/www.halleauxgrains.com\/site\/wp-content\/uploads\/2025\/05\/Header-NL230525-VisuelSaison.jpg","type":"image\/jpeg"}],"twitter_card":"summary_large_image","twitter_misc":{"Dur\u00e9e de lecture estim\u00e9e":"1 minute"},"schema":{"@context":"https:\/\/schema.org","@graph":[{"@type":"WebPage","@id":"https:\/\/www.halleauxgrains.com\/site\/liste-d-attente\/","url":"https:\/\/www.halleauxgrains.com\/site\/liste-d-attente\/","name":"Liste d\u2019attente - Halle aux grains | Sc\u00e8ne nationale de Blois","isPartOf":{"@id":"https:\/\/www.halleauxgrains.com\/site\/#website"},"datePublished":"2016-07-04T09:04:59+00:00","dateModified":"2025-11-07T14:44:19+00:00","breadcrumb":{"@id":"https:\/\/www.halleauxgrains.com\/site\/liste-d-attente\/#breadcrumb"},"inLanguage":"fr-FR","potentialAction":[{"@type":"ReadAction","target":["https:\/\/www.halleauxgrains.com\/site\/liste-d-attente\/"]}]},{"@type":"BreadcrumbList","@id":"https:\/\/www.halleauxgrains.com\/site\/liste-d-attente\/#breadcrumb","itemListElement":[{"@type":"ListItem","position":1,"name":"Accueil","item":"https:\/\/www.halleauxgrains.com\/site\/"},{"@type":"ListItem","position":2,"name":"Liste d\u2019attente"}]},{"@type":"WebSite","@id":"https:\/\/www.halleauxgrains.com\/site\/#website","url":"https:\/\/www.halleauxgrains.com\/site\/","name":"Halle aux grains | Sc\u00e8ne nationale de Blois","description":"","publisher":{"@id":"https:\/\/www.halleauxgrains.com\/site\/#organization"},"potentialAction":[{"@type":"SearchAction","target":{"@type":"EntryPoint","urlTemplate":"https:\/\/www.halleauxgrains.com\/site\/?s={search_term_string}"},"query-input":"required name=search_term_string"}],"inLanguage":"fr-FR"},{"@type":"Organization","@id":"https:\/\/www.halleauxgrains.com\/site\/#organization","name":"Halle aux grains | Sc\u00e8ne nationale de Blois","url":"https:\/\/www.halleauxgrains.com\/site\/","logo":{"@type":"ImageObject","inLanguage":"fr-FR","@id":"https:\/\/www.halleauxgrains.com\/site\/#\/schema\/logo\/image\/","url":"https:\/\/www.halleauxgrains.com\/site\/wp-content\/uploads\/2025\/05\/VisuelSiteAccueil.jpg","contentUrl":"https:\/\/www.halleauxgrains.com\/site\/wp-content\/uploads\/2025\/05\/VisuelSiteAccueil.jpg","width":775,"height":775,"caption":"Halle aux grains | Sc\u00e8ne nationale de Blois"},"image":{"@id":"https:\/\/www.halleauxgrains.com\/site\/#\/schema\/logo\/image\/"},"sameAs":["https:\/\/www.facebook.com\/scenenationaledeblois","https:\/\/www.instagram.com\/lahagscenenationaledeblois","https:\/\/www.linkedin.com\/company\/la-halle-aux-grains-scene-nationale-de-blois\/"]}]}},"publishpress_future_action":{"enabled":false,"date":"1970-01-01 01:00:00","action":"","terms":[],"taxonomy":"","browser_timezone_offset":0},"_links":{"self":[{"href":"https:\/\/www.halleauxgrains.com\/site\/wp-json\/wp\/v2\/pages\/659"}],"collection":[{"href":"https:\/\/www.halleauxgrains.com\/site\/wp-json\/wp\/v2\/pages"}],"about":[{"href":"https:\/\/www.halleauxgrains.com\/site\/wp-json\/wp\/v2\/types\/page"}],"author":[{"embeddable":true,"href":"https:\/\/www.halleauxgrains.com\/site\/wp-json\/wp\/v2\/users\/1"}],"replies":[{"embeddable":true,"href":"https:\/\/www.halleauxgrains.com\/site\/wp-json\/wp\/v2\/comments?post=659"}],"version-history":[{"count":17,"href":"https:\/\/www.halleauxgrains.com\/site\/wp-json\/wp\/v2\/pages\/659\/revisions"}],"predecessor-version":[{"id":8069,"href":"https:\/\/www.halleauxgrains.com\/site\/wp-json\/wp\/v2\/pages\/659\/revisions\/8069"}],"wp:attachment":[{"href":"https:\/\/www.halleauxgrains.com\/site\/wp-json\/wp\/v2\/media?parent=659"}],"curies":[{"name":"wp","href":"https:\/\/api.w.org\/{rel}","templated":true}]}}