{"id":522,"date":"2016-05-31T08:39:28","date_gmt":"2016-05-31T07:39:28","guid":{"rendered":"https:\/\/www.halleauxgrains.com\/site\/?page_id=522"},"modified":"2025-06-12T09:12:33","modified_gmt":"2025-06-12T08:12:33","slug":"saisons-precedentes","status":"publish","type":"page","link":"https:\/\/www.halleauxgrains.com\/site\/saisons-precedentes\/","title":{"rendered":"Saisons pr\u00e9c\u00e9dentes"},"content":{"rendered":"\n<p><a href=\"https:\/\/www.halleauxgrains.com\/2024\/HaG_Brochure_2425.pdf\"><img loading=\"lazy\" decoding=\"async\" class=\"aligncenter wp-image-3667 size-full\" src=\"https:\/\/www.halleauxgrains.com\/site\/wp-content\/uploads\/2025\/05\/SaisonPrecedente2025.jpg\" alt=\"\" width=\"300\" height=\"443\"><\/a><\/p><p><a href=\"https:\/\/www.halleauxgrains.com\/2023\/PROG_complet_2324.pdf\"><img loading=\"lazy\" decoding=\"async\" class=\"aligncenter wp-image-3667 size-full\" src=\"https:\/\/www.halleauxgrains.com\/site\/wp-content\/uploads\/2024\/05\/SaisonPrecedente2024.jpg\" alt=\"\" width=\"300\" height=\"443\"><\/a><\/p><p><a href=\"https:\/\/www.halleauxgrains.com\/2022\/PROG_complet_2223.pdf\"><img loading=\"lazy\" decoding=\"async\" class=\"aligncenter wp-image-3667 size-full\" src=\"https:\/\/www.halleauxgrains.com\/site\/wp-content\/uploads\/2023\/06\/SaisonPrecedente2023.jpg\" alt=\"\" width=\"300\" height=\"443\"><\/a><\/p><p><a href=\"https:\/\/www.halleauxgrains.com\/2021\/PROG_complet_2122.pdf\"><img loading=\"lazy\" decoding=\"async\" class=\"aligncenter wp-image-3667 size-full\" src=\"https:\/\/www.halleauxgrains.com\/site\/wp-content\/uploads\/2022\/06\/SaisonPrecedente2022.jpeg\" alt=\"\" width=\"300\" height=\"443\"><\/a><\/p><p><a href=\"https:\/\/www.halleauxgrains.com\/2020\/PROG_complet_2021.pdf\"><img loading=\"lazy\" decoding=\"async\" class=\"aligncenter wp-image-3667 size-full\" src=\"https:\/\/www.halleauxgrains.com\/site\/wp-content\/uploads\/2021\/07\/SaisonPrecedente2021.jpg\" alt=\"\" width=\"300\" height=\"443\"><\/a><\/p><p><a href=\"https:\/\/www.halleauxgrains.com\/2019\/PROG_complet_1920.pdf\"><img loading=\"lazy\" decoding=\"async\" class=\"aligncenter wp-image-3667 size-full\" src=\"https:\/\/www.halleauxgrains.com\/site\/wp-content\/uploads\/2020\/07\/SaisonPrecedente1819.jpg\" alt=\"\" width=\"300\" height=\"443\" srcset=\"https:\/\/www.halleauxgrains.com\/site\/wp-content\/uploads\/2020\/07\/SaisonPrecedente1819.jpg 300w, https:\/\/www.halleauxgrains.com\/site\/wp-content\/uploads\/2020\/07\/SaisonPrecedente1819-203x300.jpg 203w\" sizes=\"(max-width: 300px) 100vw, 300px\" \/><\/a><a href=\"https:\/\/www.halleauxgrains.com\/documents\/programme_hag_1819.pdf\"><img loading=\"lazy\" decoding=\"async\" class=\"size-full wp-image-2905 aligncenter\" src=\"https:\/\/www.halleauxgrains.com\/site\/wp-content\/uploads\/2019\/06\/1819.jpg\" alt=\"\" width=\"300\" height=\"443\" srcset=\"https:\/\/www.halleauxgrains.com\/site\/wp-content\/uploads\/2019\/06\/1819.jpg 300w, https:\/\/www.halleauxgrains.com\/site\/wp-content\/uploads\/2019\/06\/1819-203x300.jpg 203w\" sizes=\"(max-width: 300px) 100vw, 300px\" \/><\/a><a href=\"https:\/\/www.halleauxgrains.com\/documents\/programme_hag_1819.pdf\" target=\"_blank\" rel=\"noopener\"><img loading=\"lazy\" decoding=\"async\" class=\"aligncenter wp-image-2903 size-full\" src=\"https:\/\/www.halleauxgrains.com\/site\/wp-content\/uploads\/2019\/06\/1718.jpg\" alt=\"\" width=\"300\" height=\"443\" srcset=\"https:\/\/www.halleauxgrains.com\/site\/wp-content\/uploads\/2019\/06\/1718.jpg 300w, https:\/\/www.halleauxgrains.com\/site\/wp-content\/uploads\/2019\/06\/1718-203x300.jpg 203w\" sizes=\"(max-width: 300px) 100vw, 300px\" \/><\/a><a href=\"http:\/\/www.halleauxgrains.com\/2016\/PROG_complet_1617.pdf\" target=\"_blank\" rel=\"noopener\"><img loading=\"lazy\" decoding=\"async\" class=\"size-full wp-image-568 aligncenter\" src=\"https:\/\/www.halleauxgrains.com\/site\/wp-content\/uploads\/2016\/05\/PROG_complet_1617.jpg\" alt=\"Visuel1617-Saisonsprecedentes\" width=\"300\" height=\"422\"><\/a><a href=\"http:\/\/www.halleauxgrains.com\/documents\/programme_hag_1516.pdf\" target=\"_blank\" rel=\"noopener\"><img loading=\"lazy\" decoding=\"async\" class=\"aligncenter size-full wp-image-576\" src=\"https:\/\/www.halleauxgrains.com\/site\/wp-content\/uploads\/2016\/05\/Visuel1516-Saisonsprecedentes.jpg\" alt=\"Visuel1516-Saisonsprecedentes\" width=\"300\" height=\"421\" srcset=\"https:\/\/www.halleauxgrains.com\/site\/wp-content\/uploads\/2016\/05\/Visuel1516-Saisonsprecedentes.jpg 300w, https:\/\/www.halleauxgrains.com\/site\/wp-content\/uploads\/2016\/05\/Visuel1516-Saisonsprecedentes-214x300.jpg 214w\" sizes=\"(max-width: 300px) 100vw, 300px\" \/><\/a> <a href=\"http:\/\/www.halleauxgrains.com\/documents\/programme_hag_1415.pdf\" target=\"_blank\" rel=\"noopener\"><img loading=\"lazy\" decoding=\"async\" class=\"size-full wp-image-573 aligncenter\" src=\"https:\/\/www.halleauxgrains.com\/site\/wp-content\/uploads\/2016\/05\/Visuel1415-Saisonsprecedentes.jpg\" alt=\"Visuel1415-Saisonsprecedentes\" width=\"300\" height=\"422\" srcset=\"https:\/\/www.halleauxgrains.com\/site\/wp-content\/uploads\/2016\/05\/Visuel1415-Saisonsprecedentes.jpg 300w, https:\/\/www.halleauxgrains.com\/site\/wp-content\/uploads\/2016\/05\/Visuel1415-Saisonsprecedentes-213x300.jpg 213w\" sizes=\"(max-width: 300px) 100vw, 300px\" \/><\/a> <a href=\"http:\/\/www.halleauxgrains.com\/documents\/programme_hag_1314.pdf\" target=\"_blank\" rel=\"noopener\"><img loading=\"lazy\" decoding=\"async\" class=\"size-full wp-image-572 aligncenter\" src=\"https:\/\/www.halleauxgrains.com\/site\/wp-content\/uploads\/2016\/05\/Visuel1314-Saisonsprecedentes.jpg\" alt=\"Visuel1314-Saisonsprecedentes\" width=\"300\" height=\"422\" srcset=\"https:\/\/www.halleauxgrains.com\/site\/wp-content\/uploads\/2016\/05\/Visuel1314-Saisonsprecedentes.jpg 300w, https:\/\/www.halleauxgrains.com\/site\/wp-content\/uploads\/2016\/05\/Visuel1314-Saisonsprecedentes-213x300.jpg 213w\" sizes=\"(max-width: 300px) 100vw, 300px\" \/><\/a> <a href=\"http:\/\/www.halleauxgrains.com\/documents\/programme_hag_1213.pdf\" target=\"_blank\" rel=\"noopener\"><img loading=\"lazy\" decoding=\"async\" class=\"size-full wp-image-571 aligncenter\" src=\"https:\/\/www.halleauxgrains.com\/site\/wp-content\/uploads\/2016\/05\/Visuel1213-Saisonsprecedentes.jpg\" alt=\"Visuel1213-Saisonsprecedentes\" width=\"300\" height=\"422\" srcset=\"https:\/\/www.halleauxgrains.com\/site\/wp-content\/uploads\/2016\/05\/Visuel1213-Saisonsprecedentes.jpg 300w, https:\/\/www.halleauxgrains.com\/site\/wp-content\/uploads\/2016\/05\/Visuel1213-Saisonsprecedentes-213x300.jpg 213w\" sizes=\"(max-width: 300px) 100vw, 300px\" \/><\/a> <a href=\"http:\/\/www.halleauxgrains.com\/documents\/programme_hag_1112.pdf\" target=\"_blank\" rel=\"noopener\"><img loading=\"lazy\" decoding=\"async\" class=\"size-full wp-image-570 aligncenter\" src=\"https:\/\/www.halleauxgrains.com\/site\/wp-content\/uploads\/2016\/05\/Visuel1112-Saisonsprecedentes.jpg\" alt=\"Visuel1112-Saisonsprecedentes\" width=\"300\" height=\"421\" srcset=\"https:\/\/www.halleauxgrains.com\/site\/wp-content\/uploads\/2016\/05\/Visuel1112-Saisonsprecedentes.jpg 300w, https:\/\/www.halleauxgrains.com\/site\/wp-content\/uploads\/2016\/05\/Visuel1112-Saisonsprecedentes-214x300.jpg 214w\" sizes=\"(max-width: 300px) 100vw, 300px\" \/><\/a> <a href=\"http:\/\/www.halleauxgrains.com\/documents\/programme_hag_1011.pdf\" target=\"_blank\" rel=\"noopener\"><img loading=\"lazy\" decoding=\"async\" class=\"size-full wp-image-569 aligncenter\" src=\"https:\/\/www.halleauxgrains.com\/site\/wp-content\/uploads\/2016\/05\/Visuel1011-Saisonsprecedentes.jpg\" alt=\"Visuel1011-Saisonsprecedentes\" width=\"300\" height=\"422\" srcset=\"https:\/\/www.halleauxgrains.com\/site\/wp-content\/uploads\/2016\/05\/Visuel1011-Saisonsprecedentes.jpg 300w, https:\/\/www.halleauxgrains.com\/site\/wp-content\/uploads\/2016\/05\/Visuel1011-Saisonsprecedentes-213x300.jpg 213w\" sizes=\"(max-width: 300px) 100vw, 300px\" \/><\/a> <a href=\"http:\/\/www.halleauxgrains.com\/documents\/programme_hag_0910.pdf\" target=\"_blank\" rel=\"noopener\"><img loading=\"lazy\" decoding=\"async\" class=\"size-full wp-image-568 aligncenter\" src=\"https:\/\/www.halleauxgrains.com\/site\/wp-content\/uploads\/2016\/05\/Visuel0910-Saisonsprecedentes.jpg\" alt=\"Visuel0910-Saisonsprecedentes\" width=\"300\" height=\"422\" srcset=\"https:\/\/www.halleauxgrains.com\/site\/wp-content\/uploads\/2016\/05\/Visuel0910-Saisonsprecedentes.jpg 300w, https:\/\/www.halleauxgrains.com\/site\/wp-content\/uploads\/2016\/05\/Visuel0910-Saisonsprecedentes-213x300.jpg 213w\" sizes=\"(max-width: 300px) 100vw, 300px\" \/><\/a><\/p>\n","protected":false},"excerpt":{"rendered":"","protected":false},"author":1,"featured_media":0,"parent":0,"menu_order":33,"comment_status":"closed","ping_status":"closed","template":"","meta":{"footnotes":""},"acf":[],"yoast_head":"<!-- This site is optimized with the Yoast SEO plugin v21.6 - https:\/\/yoast.com\/wordpress\/plugins\/seo\/ -->\n<title>Saisons pr\u00e9c\u00e9dentes - Halle aux grains | Sc\u00e8ne nationale de Blois<\/title>\n<meta name=\"robots\" content=\"index, follow, max-snippet:-1, max-image-preview:large, max-video-preview:-1\" \/>\n<link rel=\"canonical\" href=\"https:\/\/www.halleauxgrains.com\/site\/saisons-precedentes\/\" \/>\n<meta property=\"og:locale\" content=\"fr_FR\" \/>\n<meta property=\"og:type\" content=\"article\" \/>\n<meta property=\"og:title\" content=\"Saisons pr\u00e9c\u00e9dentes - Halle aux grains | Sc\u00e8ne nationale de Blois\" \/>\n<meta property=\"og:url\" content=\"https:\/\/www.halleauxgrains.com\/site\/saisons-precedentes\/\" \/>\n<meta property=\"og:site_name\" content=\"Halle aux grains | Sc\u00e8ne nationale de Blois\" \/>\n<meta property=\"article:publisher\" content=\"https:\/\/www.facebook.com\/scenenationaledeblois\" \/>\n<meta property=\"article:modified_time\" content=\"2025-06-12T08:12:33+00:00\" \/>\n<meta property=\"og:image\" content=\"https:\/\/www.halleauxgrains.com\/site\/wp-content\/uploads\/2025\/05\/SaisonPrecedente2025.jpg\" \/>\n<meta name=\"twitter:card\" content=\"summary_large_image\" \/>\n<meta name=\"twitter:label1\" content=\"Dur\u00e9e de lecture estim\u00e9e\" \/>\n\t<meta name=\"twitter:data1\" content=\"4 minutes\" \/>\n<script type=\"application\/ld+json\" class=\"yoast-schema-graph\">{\"@context\":\"https:\/\/schema.org\",\"@graph\":[{\"@type\":\"WebPage\",\"@id\":\"https:\/\/www.halleauxgrains.com\/site\/saisons-precedentes\/\",\"url\":\"https:\/\/www.halleauxgrains.com\/site\/saisons-precedentes\/\",\"name\":\"Saisons pr\u00e9c\u00e9dentes - Halle aux grains | Sc\u00e8ne nationale de Blois\",\"isPartOf\":{\"@id\":\"https:\/\/www.halleauxgrains.com\/site\/#website\"},\"datePublished\":\"2016-05-31T07:39:28+00:00\",\"dateModified\":\"2025-06-12T08:12:33+00:00\",\"breadcrumb\":{\"@id\":\"https:\/\/www.halleauxgrains.com\/site\/saisons-precedentes\/#breadcrumb\"},\"inLanguage\":\"fr-FR\",\"potentialAction\":[{\"@type\":\"ReadAction\",\"target\":[\"https:\/\/www.halleauxgrains.com\/site\/saisons-precedentes\/\"]}]},{\"@type\":\"BreadcrumbList\",\"@id\":\"https:\/\/www.halleauxgrains.com\/site\/saisons-precedentes\/#breadcrumb\",\"itemListElement\":[{\"@type\":\"ListItem\",\"position\":1,\"name\":\"Accueil\",\"item\":\"https:\/\/www.halleauxgrains.com\/site\/\"},{\"@type\":\"ListItem\",\"position\":2,\"name\":\"Saisons pr\u00e9c\u00e9dentes\"}]},{\"@type\":\"WebSite\",\"@id\":\"https:\/\/www.halleauxgrains.com\/site\/#website\",\"url\":\"https:\/\/www.halleauxgrains.com\/site\/\",\"name\":\"Halle aux grains | Sc\u00e8ne nationale de Blois\",\"description\":\"\",\"publisher\":{\"@id\":\"https:\/\/www.halleauxgrains.com\/site\/#organization\"},\"potentialAction\":[{\"@type\":\"SearchAction\",\"target\":{\"@type\":\"EntryPoint\",\"urlTemplate\":\"https:\/\/www.halleauxgrains.com\/site\/?s={search_term_string}\"},\"query-input\":\"required name=search_term_string\"}],\"inLanguage\":\"fr-FR\"},{\"@type\":\"Organization\",\"@id\":\"https:\/\/www.halleauxgrains.com\/site\/#organization\",\"name\":\"Halle aux grains | Sc\u00e8ne nationale de Blois\",\"url\":\"https:\/\/www.halleauxgrains.com\/site\/\",\"logo\":{\"@type\":\"ImageObject\",\"inLanguage\":\"fr-FR\",\"@id\":\"https:\/\/www.halleauxgrains.com\/site\/#\/schema\/logo\/image\/\",\"url\":\"https:\/\/www.halleauxgrains.com\/site\/wp-content\/uploads\/2025\/05\/VisuelSiteAccueil.jpg\",\"contentUrl\":\"https:\/\/www.halleauxgrains.com\/site\/wp-content\/uploads\/2025\/05\/VisuelSiteAccueil.jpg\",\"width\":775,\"height\":775,\"caption\":\"Halle aux grains | Sc\u00e8ne nationale de Blois\"},\"image\":{\"@id\":\"https:\/\/www.halleauxgrains.com\/site\/#\/schema\/logo\/image\/\"},\"sameAs\":[\"https:\/\/www.facebook.com\/scenenationaledeblois\",\"https:\/\/www.instagram.com\/lahagscenenationaledeblois\",\"https:\/\/www.linkedin.com\/company\/la-halle-aux-grains-scene-nationale-de-blois\/\"]}]}<\/script>\n<!-- \/ Yoast SEO plugin. -->","yoast_head_json":{"title":"Saisons pr\u00e9c\u00e9dentes - Halle aux grains | Sc\u00e8ne nationale de Blois","robots":{"index":"index","follow":"follow","max-snippet":"max-snippet:-1","max-image-preview":"max-image-preview:large","max-video-preview":"max-video-preview:-1"},"canonical":"https:\/\/www.halleauxgrains.com\/site\/saisons-precedentes\/","og_locale":"fr_FR","og_type":"article","og_title":"Saisons pr\u00e9c\u00e9dentes - Halle aux grains | Sc\u00e8ne nationale de Blois","og_url":"https:\/\/www.halleauxgrains.com\/site\/saisons-precedentes\/","og_site_name":"Halle aux grains | Sc\u00e8ne nationale de Blois","article_publisher":"https:\/\/www.facebook.com\/scenenationaledeblois","article_modified_time":"2025-06-12T08:12:33+00:00","og_image":[{"url":"https:\/\/www.halleauxgrains.com\/site\/wp-content\/uploads\/2025\/05\/SaisonPrecedente2025.jpg"}],"twitter_card":"summary_large_image","twitter_misc":{"Dur\u00e9e de lecture estim\u00e9e":"4 minutes"},"schema":{"@context":"https:\/\/schema.org","@graph":[{"@type":"WebPage","@id":"https:\/\/www.halleauxgrains.com\/site\/saisons-precedentes\/","url":"https:\/\/www.halleauxgrains.com\/site\/saisons-precedentes\/","name":"Saisons pr\u00e9c\u00e9dentes - Halle aux grains | Sc\u00e8ne nationale de Blois","isPartOf":{"@id":"https:\/\/www.halleauxgrains.com\/site\/#website"},"datePublished":"2016-05-31T07:39:28+00:00","dateModified":"2025-06-12T08:12:33+00:00","breadcrumb":{"@id":"https:\/\/www.halleauxgrains.com\/site\/saisons-precedentes\/#breadcrumb"},"inLanguage":"fr-FR","potentialAction":[{"@type":"ReadAction","target":["https:\/\/www.halleauxgrains.com\/site\/saisons-precedentes\/"]}]},{"@type":"BreadcrumbList","@id":"https:\/\/www.halleauxgrains.com\/site\/saisons-precedentes\/#breadcrumb","itemListElement":[{"@type":"ListItem","position":1,"name":"Accueil","item":"https:\/\/www.halleauxgrains.com\/site\/"},{"@type":"ListItem","position":2,"name":"Saisons pr\u00e9c\u00e9dentes"}]},{"@type":"WebSite","@id":"https:\/\/www.halleauxgrains.com\/site\/#website","url":"https:\/\/www.halleauxgrains.com\/site\/","name":"Halle aux grains | Sc\u00e8ne nationale de Blois","description":"","publisher":{"@id":"https:\/\/www.halleauxgrains.com\/site\/#organization"},"potentialAction":[{"@type":"SearchAction","target":{"@type":"EntryPoint","urlTemplate":"https:\/\/www.halleauxgrains.com\/site\/?s={search_term_string}"},"query-input":"required name=search_term_string"}],"inLanguage":"fr-FR"},{"@type":"Organization","@id":"https:\/\/www.halleauxgrains.com\/site\/#organization","name":"Halle aux grains | Sc\u00e8ne nationale de Blois","url":"https:\/\/www.halleauxgrains.com\/site\/","logo":{"@type":"ImageObject","inLanguage":"fr-FR","@id":"https:\/\/www.halleauxgrains.com\/site\/#\/schema\/logo\/image\/","url":"https:\/\/www.halleauxgrains.com\/site\/wp-content\/uploads\/2025\/05\/VisuelSiteAccueil.jpg","contentUrl":"https:\/\/www.halleauxgrains.com\/site\/wp-content\/uploads\/2025\/05\/VisuelSiteAccueil.jpg","width":775,"height":775,"caption":"Halle aux grains | Sc\u00e8ne nationale de Blois"},"image":{"@id":"https:\/\/www.halleauxgrains.com\/site\/#\/schema\/logo\/image\/"},"sameAs":["https:\/\/www.facebook.com\/scenenationaledeblois","https:\/\/www.instagram.com\/lahagscenenationaledeblois","https:\/\/www.linkedin.com\/company\/la-halle-aux-grains-scene-nationale-de-blois\/"]}]}},"publishpress_future_action":{"enabled":false,"date":"1970-01-01 01:00:00","action":"","terms":[],"taxonomy":"","browser_timezone_offset":0},"_links":{"self":[{"href":"https:\/\/www.halleauxgrains.com\/site\/wp-json\/wp\/v2\/pages\/522"}],"collection":[{"href":"https:\/\/www.halleauxgrains.com\/site\/wp-json\/wp\/v2\/pages"}],"about":[{"href":"https:\/\/www.halleauxgrains.com\/site\/wp-json\/wp\/v2\/types\/page"}],"author":[{"embeddable":true,"href":"https:\/\/www.halleauxgrains.com\/site\/wp-json\/wp\/v2\/users\/1"}],"replies":[{"embeddable":true,"href":"https:\/\/www.halleauxgrains.com\/site\/wp-json\/wp\/v2\/comments?post=522"}],"version-history":[{"count":30,"href":"https:\/\/www.halleauxgrains.com\/site\/wp-json\/wp\/v2\/pages\/522\/revisions"}],"predecessor-version":[{"id":7942,"href":"https:\/\/www.halleauxgrains.com\/site\/wp-json\/wp\/v2\/pages\/522\/revisions\/7942"}],"wp:attachment":[{"href":"https:\/\/www.halleauxgrains.com\/site\/wp-json\/wp\/v2\/media?parent=522"}],"curies":[{"name":"wp","href":"https:\/\/api.w.org\/{rel}","templated":true}]}}