{"id":518,"date":"2016-05-31T08:16:14","date_gmt":"2016-05-31T07:16:14","guid":{"rendered":"https:\/\/www.halleauxgrains.com\/site\/?page_id=518"},"modified":"2022-06-23T13:01:46","modified_gmt":"2022-06-23T12:01:46","slug":"espace-pro-presse","status":"publish","type":"page","link":"https:\/\/www.halleauxgrains.com\/site\/espace-pro-presse\/","title":{"rendered":"Espace pro\/presse"},"content":{"rendered":"<h3>Acc\u00e9dez \u00e0 <a href=\"https:\/\/www.halleauxgrains.com\/site\/espace-presse\/\">l\u2019espace presse<\/a><\/h3>\n<p>attention, un code d&rsquo;acc\u00e8s vous sera demand\u00e9, vous pouvez l&rsquo;obtenir aupr\u00e8s du <a href=\"mailto:sandrine@halleauxgrains.com?subject=Demande d'acc\u00e8s \u00e0 l'espace presse\">service communication<\/a> de la Halle aux grains.<\/p>\n<hr \/>\n<h3>Espace pro<\/h3>\n<p>Les fiches techniques de ces diff\u00e9rents lieux sont mis \u00e0 votre disposition :<br \/>\n&#8211; L&rsquo;<a href=\"http:\/\/www.halleauxgrains.com\/documents\/pro\/Hemicycle\/\" target=\"_blank\" rel=\"noopener\">h\u00e9micycle<\/a> de la Halle aux grains<br \/>\n&#8211; La <a href=\"http:\/\/www.halleauxgrains.com\/documents\/pro\/Halle\/\" target=\"_blank\" rel=\"noopener\">grande halle<\/a> de la Halle aux grains<br \/>\n&#8211; Le <a href=\"http:\/\/www.halleauxgrains.com\/documents\/pro\/TNP\/\" target=\"_blank\" rel=\"noopener\">Th\u00e9\u00e2tre Nicolas Peskine<\/a><\/p>\n<p>Amis artistes, techniciens et gens du spectacles qui vous appr\u00eatez \u00e0 nous rejoindre, t\u00e9l\u00e9chargez le <a href=\"https:\/\/www.halleauxgrains.com\/2022\/LivretDAccueil_HaG2223.pdf\">livret d&rsquo;accueil de la sc\u00e8ne nationale<\/a>&#8230;<\/p>\n","protected":false},"excerpt":{"rendered":"<p>Acc\u00e9dez \u00e0 l\u2019espace presse attention, un code d&rsquo;acc\u00e8s vous sera demand\u00e9, vous pouvez l&rsquo;obtenir aupr\u00e8s du service communication de la Halle aux grains. Espace pro Les fiches techniques de ces diff\u00e9rents lieux sont mis \u00e0 votre disposition : &#8211; L&rsquo;h\u00e9micycle de la Halle aux grains &#8211; La grande halle de la Halle aux grains &#8211; &hellip; <a href=\"https:\/\/www.halleauxgrains.com\/site\/espace-pro-presse\/\" class=\"more-link\">Continue reading <span class=\"screen-reader-text\">Espace pro\/presse<\/span><\/a><\/p>\n","protected":false},"author":1,"featured_media":0,"parent":0,"menu_order":10,"comment_status":"closed","ping_status":"closed","template":"","meta":{"footnotes":""},"acf":[],"yoast_head":"<!-- This site is optimized with the Yoast SEO plugin v21.6 - https:\/\/yoast.com\/wordpress\/plugins\/seo\/ -->\n<title>Espace pro\/presse - Halle aux grains | Sc\u00e8ne nationale de Blois<\/title>\n<meta name=\"robots\" content=\"index, follow, max-snippet:-1, max-image-preview:large, max-video-preview:-1\" \/>\n<link rel=\"canonical\" href=\"https:\/\/www.halleauxgrains.com\/site\/espace-pro-presse\/\" \/>\n<meta property=\"og:locale\" content=\"fr_FR\" \/>\n<meta property=\"og:type\" content=\"article\" \/>\n<meta property=\"og:title\" content=\"Espace pro\/presse - Halle aux grains | Sc\u00e8ne nationale de Blois\" \/>\n<meta property=\"og:description\" content=\"Acc\u00e9dez \u00e0 l\u2019espace presse attention, un code d&rsquo;acc\u00e8s vous sera demand\u00e9, vous pouvez l&rsquo;obtenir aupr\u00e8s du service communication de la Halle aux grains. Espace pro Les fiches techniques de ces diff\u00e9rents lieux sont mis \u00e0 votre disposition : &#8211; L&rsquo;h\u00e9micycle de la Halle aux grains &#8211; La grande halle de la Halle aux grains &#8211; &hellip; Continue reading Espace pro\/presse\" \/>\n<meta property=\"og:url\" content=\"https:\/\/www.halleauxgrains.com\/site\/espace-pro-presse\/\" \/>\n<meta property=\"og:site_name\" content=\"Halle aux grains | Sc\u00e8ne nationale de Blois\" \/>\n<meta property=\"article:publisher\" content=\"https:\/\/www.facebook.com\/scenenationaledeblois\" \/>\n<meta property=\"article:modified_time\" content=\"2022-06-23T12:01:46+00:00\" \/>\n<meta property=\"og:image\" content=\"https:\/\/www.halleauxgrains.com\/site\/wp-content\/uploads\/2025\/05\/Header-NL230525-VisuelSaison.jpg\" \/>\n\t<meta property=\"og:image:width\" content=\"660\" \/>\n\t<meta property=\"og:image:height\" content=\"365\" \/>\n\t<meta property=\"og:image:type\" content=\"image\/jpeg\" \/>\n<meta name=\"twitter:card\" content=\"summary_large_image\" \/>\n<meta name=\"twitter:label1\" content=\"Dur\u00e9e de lecture estim\u00e9e\" \/>\n\t<meta name=\"twitter:data1\" content=\"1 minute\" \/>\n<script type=\"application\/ld+json\" class=\"yoast-schema-graph\">{\"@context\":\"https:\/\/schema.org\",\"@graph\":[{\"@type\":\"WebPage\",\"@id\":\"https:\/\/www.halleauxgrains.com\/site\/espace-pro-presse\/\",\"url\":\"https:\/\/www.halleauxgrains.com\/site\/espace-pro-presse\/\",\"name\":\"Espace pro\/presse - Halle aux grains | Sc\u00e8ne nationale de Blois\",\"isPartOf\":{\"@id\":\"https:\/\/www.halleauxgrains.com\/site\/#website\"},\"datePublished\":\"2016-05-31T07:16:14+00:00\",\"dateModified\":\"2022-06-23T12:01:46+00:00\",\"breadcrumb\":{\"@id\":\"https:\/\/www.halleauxgrains.com\/site\/espace-pro-presse\/#breadcrumb\"},\"inLanguage\":\"fr-FR\",\"potentialAction\":[{\"@type\":\"ReadAction\",\"target\":[\"https:\/\/www.halleauxgrains.com\/site\/espace-pro-presse\/\"]}]},{\"@type\":\"BreadcrumbList\",\"@id\":\"https:\/\/www.halleauxgrains.com\/site\/espace-pro-presse\/#breadcrumb\",\"itemListElement\":[{\"@type\":\"ListItem\",\"position\":1,\"name\":\"Accueil\",\"item\":\"https:\/\/www.halleauxgrains.com\/site\/\"},{\"@type\":\"ListItem\",\"position\":2,\"name\":\"Espace pro\/presse\"}]},{\"@type\":\"WebSite\",\"@id\":\"https:\/\/www.halleauxgrains.com\/site\/#website\",\"url\":\"https:\/\/www.halleauxgrains.com\/site\/\",\"name\":\"Halle aux grains | Sc\u00e8ne nationale de Blois\",\"description\":\"\",\"publisher\":{\"@id\":\"https:\/\/www.halleauxgrains.com\/site\/#organization\"},\"potentialAction\":[{\"@type\":\"SearchAction\",\"target\":{\"@type\":\"EntryPoint\",\"urlTemplate\":\"https:\/\/www.halleauxgrains.com\/site\/?s={search_term_string}\"},\"query-input\":\"required name=search_term_string\"}],\"inLanguage\":\"fr-FR\"},{\"@type\":\"Organization\",\"@id\":\"https:\/\/www.halleauxgrains.com\/site\/#organization\",\"name\":\"Halle aux grains | Sc\u00e8ne nationale de Blois\",\"url\":\"https:\/\/www.halleauxgrains.com\/site\/\",\"logo\":{\"@type\":\"ImageObject\",\"inLanguage\":\"fr-FR\",\"@id\":\"https:\/\/www.halleauxgrains.com\/site\/#\/schema\/logo\/image\/\",\"url\":\"https:\/\/www.halleauxgrains.com\/site\/wp-content\/uploads\/2025\/05\/VisuelSiteAccueil.jpg\",\"contentUrl\":\"https:\/\/www.halleauxgrains.com\/site\/wp-content\/uploads\/2025\/05\/VisuelSiteAccueil.jpg\",\"width\":775,\"height\":775,\"caption\":\"Halle aux grains | Sc\u00e8ne nationale de Blois\"},\"image\":{\"@id\":\"https:\/\/www.halleauxgrains.com\/site\/#\/schema\/logo\/image\/\"},\"sameAs\":[\"https:\/\/www.facebook.com\/scenenationaledeblois\",\"https:\/\/www.instagram.com\/lahagscenenationaledeblois\",\"https:\/\/www.linkedin.com\/company\/la-halle-aux-grains-scene-nationale-de-blois\/\"]}]}<\/script>\n<!-- \/ Yoast SEO plugin. -->","yoast_head_json":{"title":"Espace pro\/presse - Halle aux grains | Sc\u00e8ne nationale de Blois","robots":{"index":"index","follow":"follow","max-snippet":"max-snippet:-1","max-image-preview":"max-image-preview:large","max-video-preview":"max-video-preview:-1"},"canonical":"https:\/\/www.halleauxgrains.com\/site\/espace-pro-presse\/","og_locale":"fr_FR","og_type":"article","og_title":"Espace pro\/presse - Halle aux grains | Sc\u00e8ne nationale de Blois","og_description":"Acc\u00e9dez \u00e0 l\u2019espace presse attention, un code d&rsquo;acc\u00e8s vous sera demand\u00e9, vous pouvez l&rsquo;obtenir aupr\u00e8s du service communication de la Halle aux grains. Espace pro Les fiches techniques de ces diff\u00e9rents lieux sont mis \u00e0 votre disposition : &#8211; L&rsquo;h\u00e9micycle de la Halle aux grains &#8211; La grande halle de la Halle aux grains &#8211; &hellip; Continue reading Espace pro\/presse","og_url":"https:\/\/www.halleauxgrains.com\/site\/espace-pro-presse\/","og_site_name":"Halle aux grains | Sc\u00e8ne nationale de Blois","article_publisher":"https:\/\/www.facebook.com\/scenenationaledeblois","article_modified_time":"2022-06-23T12:01:46+00:00","og_image":[{"width":660,"height":365,"url":"https:\/\/www.halleauxgrains.com\/site\/wp-content\/uploads\/2025\/05\/Header-NL230525-VisuelSaison.jpg","type":"image\/jpeg"}],"twitter_card":"summary_large_image","twitter_misc":{"Dur\u00e9e de lecture estim\u00e9e":"1 minute"},"schema":{"@context":"https:\/\/schema.org","@graph":[{"@type":"WebPage","@id":"https:\/\/www.halleauxgrains.com\/site\/espace-pro-presse\/","url":"https:\/\/www.halleauxgrains.com\/site\/espace-pro-presse\/","name":"Espace pro\/presse - Halle aux grains | Sc\u00e8ne nationale de Blois","isPartOf":{"@id":"https:\/\/www.halleauxgrains.com\/site\/#website"},"datePublished":"2016-05-31T07:16:14+00:00","dateModified":"2022-06-23T12:01:46+00:00","breadcrumb":{"@id":"https:\/\/www.halleauxgrains.com\/site\/espace-pro-presse\/#breadcrumb"},"inLanguage":"fr-FR","potentialAction":[{"@type":"ReadAction","target":["https:\/\/www.halleauxgrains.com\/site\/espace-pro-presse\/"]}]},{"@type":"BreadcrumbList","@id":"https:\/\/www.halleauxgrains.com\/site\/espace-pro-presse\/#breadcrumb","itemListElement":[{"@type":"ListItem","position":1,"name":"Accueil","item":"https:\/\/www.halleauxgrains.com\/site\/"},{"@type":"ListItem","position":2,"name":"Espace pro\/presse"}]},{"@type":"WebSite","@id":"https:\/\/www.halleauxgrains.com\/site\/#website","url":"https:\/\/www.halleauxgrains.com\/site\/","name":"Halle aux grains | Sc\u00e8ne nationale de Blois","description":"","publisher":{"@id":"https:\/\/www.halleauxgrains.com\/site\/#organization"},"potentialAction":[{"@type":"SearchAction","target":{"@type":"EntryPoint","urlTemplate":"https:\/\/www.halleauxgrains.com\/site\/?s={search_term_string}"},"query-input":"required name=search_term_string"}],"inLanguage":"fr-FR"},{"@type":"Organization","@id":"https:\/\/www.halleauxgrains.com\/site\/#organization","name":"Halle aux grains | Sc\u00e8ne nationale de Blois","url":"https:\/\/www.halleauxgrains.com\/site\/","logo":{"@type":"ImageObject","inLanguage":"fr-FR","@id":"https:\/\/www.halleauxgrains.com\/site\/#\/schema\/logo\/image\/","url":"https:\/\/www.halleauxgrains.com\/site\/wp-content\/uploads\/2025\/05\/VisuelSiteAccueil.jpg","contentUrl":"https:\/\/www.halleauxgrains.com\/site\/wp-content\/uploads\/2025\/05\/VisuelSiteAccueil.jpg","width":775,"height":775,"caption":"Halle aux grains | Sc\u00e8ne nationale de Blois"},"image":{"@id":"https:\/\/www.halleauxgrains.com\/site\/#\/schema\/logo\/image\/"},"sameAs":["https:\/\/www.facebook.com\/scenenationaledeblois","https:\/\/www.instagram.com\/lahagscenenationaledeblois","https:\/\/www.linkedin.com\/company\/la-halle-aux-grains-scene-nationale-de-blois\/"]}]}},"publishpress_future_action":{"enabled":false,"date":"1970-01-01 01:00:00","action":"","terms":[],"taxonomy":"","browser_timezone_offset":0},"_links":{"self":[{"href":"https:\/\/www.halleauxgrains.com\/site\/wp-json\/wp\/v2\/pages\/518"}],"collection":[{"href":"https:\/\/www.halleauxgrains.com\/site\/wp-json\/wp\/v2\/pages"}],"about":[{"href":"https:\/\/www.halleauxgrains.com\/site\/wp-json\/wp\/v2\/types\/page"}],"author":[{"embeddable":true,"href":"https:\/\/www.halleauxgrains.com\/site\/wp-json\/wp\/v2\/users\/1"}],"replies":[{"embeddable":true,"href":"https:\/\/www.halleauxgrains.com\/site\/wp-json\/wp\/v2\/comments?post=518"}],"version-history":[{"count":8,"href":"https:\/\/www.halleauxgrains.com\/site\/wp-json\/wp\/v2\/pages\/518\/revisions"}],"predecessor-version":[{"id":7879,"href":"https:\/\/www.halleauxgrains.com\/site\/wp-json\/wp\/v2\/pages\/518\/revisions\/7879"}],"wp:attachment":[{"href":"https:\/\/www.halleauxgrains.com\/site\/wp-json\/wp\/v2\/media?parent=518"}],"curies":[{"name":"wp","href":"https:\/\/api.w.org\/{rel}","templated":true}]}}