{"id":466,"date":"2016-05-25T10:04:55","date_gmt":"2016-05-25T09:04:55","guid":{"rendered":"https:\/\/www.halleauxgrains.com\/site\/?page_id=466"},"modified":"2026-05-13T10:23:46","modified_gmt":"2026-05-13T09:23:46","slug":"les-horaires-de-la-billetterie","status":"publish","type":"page","link":"https:\/\/www.halleauxgrains.com\/site\/les-horaires-de-la-billetterie\/","title":{"rendered":"LES HORAIRES DE LA BILLETTERIE"},"content":{"rendered":"\n<h3 class=\"wp-block-heading has-vivid-red-color has-text-color has-link-color wp-elements-845747952fc78c88f773c8afd9c784ba\">L&rsquo;ACCUEIL-BILLETTERIE EST FERM\u00c9 !<\/h3>\n\n\n\n<h4 class=\"wp-block-heading\">R\u00e9ouverture pour la pr\u00e9sentation de saison du <span style=\"text-decoration: underline;\">mardi 16 juin \u00e0 19h30<\/span><\/h4>\n\n\n\n<p>Vous pouvez continuer \u00e0 suivre toutes les actualit\u00e9s de la sc\u00e8ne nationale sur la page &gt;&nbsp;<a href=\"https:\/\/www.facebook.com\/scenenationaledeblois\" target=\"_blank\" rel=\"noreferrer noopener\">Facebook<\/a> ou <a href=\"https:\/\/www.instagram.com\/lahagscenenationaledeblois\/\" target=\"_blank\" rel=\"noreferrer noopener\">Instagram<\/a><\/p>\n\n\n\n<p>Pendant les p\u00e9riodes de cong\u00e9s (vacances scolaires, jours f\u00e9ri\u00e9s, ponts&#8230;) les horaires d\u2019ouverture peuvent varier, pensez \u00e0 les consulter sur cette page, par t\u00e9l\u00e9phone ou directement \u00e0 l\u2019accueil.<\/p>\n","protected":false},"excerpt":{"rendered":"<p>L&rsquo;ACCUEIL-BILLETTERIE EST FERM\u00c9 ! R\u00e9ouverture pour la pr\u00e9sentation de saison du mardi 16 juin \u00e0 19h30 Vous pouvez continuer \u00e0 suivre toutes les actualit\u00e9s de la sc\u00e8ne nationale sur la page &gt;&nbsp;Facebook ou Instagram Pendant les p\u00e9riodes de cong\u00e9s (vacances scolaires, jours f\u00e9ri\u00e9s, ponts&#8230;) les horaires d\u2019ouverture peuvent varier, pensez \u00e0 les consulter sur cette &hellip; <a href=\"https:\/\/www.halleauxgrains.com\/site\/les-horaires-de-la-billetterie\/\" class=\"more-link\">Continue reading <span class=\"screen-reader-text\">LES HORAIRES DE LA BILLETTERIE<\/span><\/a><\/p>\n","protected":false},"author":2,"featured_media":0,"parent":0,"menu_order":2,"comment_status":"closed","ping_status":"closed","template":"","meta":{"footnotes":""},"acf":[],"yoast_head":"<!-- This site is optimized with the Yoast SEO plugin v21.6 - https:\/\/yoast.com\/wordpress\/plugins\/seo\/ -->\n<title>LES HORAIRES DE LA BILLETTERIE - Halle aux grains | Sc\u00e8ne nationale de Blois<\/title>\n<meta name=\"robots\" content=\"index, follow, max-snippet:-1, max-image-preview:large, max-video-preview:-1\" \/>\n<link rel=\"canonical\" href=\"https:\/\/www.halleauxgrains.com\/site\/les-horaires-de-la-billetterie\/\" \/>\n<meta property=\"og:locale\" content=\"fr_FR\" \/>\n<meta property=\"og:type\" content=\"article\" \/>\n<meta property=\"og:title\" content=\"LES HORAIRES DE LA BILLETTERIE - Halle aux grains | Sc\u00e8ne nationale de Blois\" \/>\n<meta property=\"og:description\" content=\"L&rsquo;ACCUEIL-BILLETTERIE EST FERM\u00c9 ! R\u00e9ouverture pour la pr\u00e9sentation de saison du mardi 16 juin \u00e0 19h30 Vous pouvez continuer \u00e0 suivre toutes les actualit\u00e9s de la sc\u00e8ne nationale sur la page &gt;&nbsp;Facebook ou Instagram Pendant les p\u00e9riodes de cong\u00e9s (vacances scolaires, jours f\u00e9ri\u00e9s, ponts&#8230;) les horaires d\u2019ouverture peuvent varier, pensez \u00e0 les consulter sur cette &hellip; Continue reading LES HORAIRES DE LA BILLETTERIE\" \/>\n<meta property=\"og:url\" content=\"https:\/\/www.halleauxgrains.com\/site\/les-horaires-de-la-billetterie\/\" \/>\n<meta property=\"og:site_name\" content=\"Halle aux grains | Sc\u00e8ne nationale de Blois\" \/>\n<meta property=\"article:publisher\" content=\"https:\/\/www.facebook.com\/scenenationaledeblois\" \/>\n<meta property=\"article:modified_time\" content=\"2026-05-13T09:23:46+00:00\" \/>\n<meta property=\"og:image\" content=\"https:\/\/www.halleauxgrains.com\/site\/wp-content\/uploads\/2025\/05\/Header-NL230525-VisuelSaison.jpg\" \/>\n\t<meta property=\"og:image:width\" content=\"660\" \/>\n\t<meta property=\"og:image:height\" content=\"365\" \/>\n\t<meta property=\"og:image:type\" content=\"image\/jpeg\" \/>\n<meta name=\"twitter:card\" content=\"summary_large_image\" \/>\n<meta name=\"twitter:label1\" content=\"Dur\u00e9e de lecture estim\u00e9e\" \/>\n\t<meta name=\"twitter:data1\" content=\"1 minute\" \/>\n<script type=\"application\/ld+json\" class=\"yoast-schema-graph\">{\"@context\":\"https:\/\/schema.org\",\"@graph\":[{\"@type\":\"WebPage\",\"@id\":\"https:\/\/www.halleauxgrains.com\/site\/les-horaires-de-la-billetterie\/\",\"url\":\"https:\/\/www.halleauxgrains.com\/site\/les-horaires-de-la-billetterie\/\",\"name\":\"LES HORAIRES DE LA BILLETTERIE - Halle aux grains | Sc\u00e8ne nationale de Blois\",\"isPartOf\":{\"@id\":\"https:\/\/www.halleauxgrains.com\/site\/#website\"},\"datePublished\":\"2016-05-25T09:04:55+00:00\",\"dateModified\":\"2026-05-13T09:23:46+00:00\",\"breadcrumb\":{\"@id\":\"https:\/\/www.halleauxgrains.com\/site\/les-horaires-de-la-billetterie\/#breadcrumb\"},\"inLanguage\":\"fr-FR\",\"potentialAction\":[{\"@type\":\"ReadAction\",\"target\":[\"https:\/\/www.halleauxgrains.com\/site\/les-horaires-de-la-billetterie\/\"]}]},{\"@type\":\"BreadcrumbList\",\"@id\":\"https:\/\/www.halleauxgrains.com\/site\/les-horaires-de-la-billetterie\/#breadcrumb\",\"itemListElement\":[{\"@type\":\"ListItem\",\"position\":1,\"name\":\"Accueil\",\"item\":\"https:\/\/www.halleauxgrains.com\/site\/\"},{\"@type\":\"ListItem\",\"position\":2,\"name\":\"LES HORAIRES DE LA BILLETTERIE\"}]},{\"@type\":\"WebSite\",\"@id\":\"https:\/\/www.halleauxgrains.com\/site\/#website\",\"url\":\"https:\/\/www.halleauxgrains.com\/site\/\",\"name\":\"Halle aux grains | Sc\u00e8ne nationale de Blois\",\"description\":\"\",\"publisher\":{\"@id\":\"https:\/\/www.halleauxgrains.com\/site\/#organization\"},\"potentialAction\":[{\"@type\":\"SearchAction\",\"target\":{\"@type\":\"EntryPoint\",\"urlTemplate\":\"https:\/\/www.halleauxgrains.com\/site\/?s={search_term_string}\"},\"query-input\":\"required name=search_term_string\"}],\"inLanguage\":\"fr-FR\"},{\"@type\":\"Organization\",\"@id\":\"https:\/\/www.halleauxgrains.com\/site\/#organization\",\"name\":\"Halle aux grains | Sc\u00e8ne nationale de Blois\",\"url\":\"https:\/\/www.halleauxgrains.com\/site\/\",\"logo\":{\"@type\":\"ImageObject\",\"inLanguage\":\"fr-FR\",\"@id\":\"https:\/\/www.halleauxgrains.com\/site\/#\/schema\/logo\/image\/\",\"url\":\"https:\/\/www.halleauxgrains.com\/site\/wp-content\/uploads\/2025\/05\/VisuelSiteAccueil.jpg\",\"contentUrl\":\"https:\/\/www.halleauxgrains.com\/site\/wp-content\/uploads\/2025\/05\/VisuelSiteAccueil.jpg\",\"width\":775,\"height\":775,\"caption\":\"Halle aux grains | Sc\u00e8ne nationale de Blois\"},\"image\":{\"@id\":\"https:\/\/www.halleauxgrains.com\/site\/#\/schema\/logo\/image\/\"},\"sameAs\":[\"https:\/\/www.facebook.com\/scenenationaledeblois\",\"https:\/\/www.instagram.com\/lahagscenenationaledeblois\",\"https:\/\/www.linkedin.com\/company\/la-halle-aux-grains-scene-nationale-de-blois\/\"]}]}<\/script>\n<!-- \/ Yoast SEO plugin. -->","yoast_head_json":{"title":"LES HORAIRES DE LA BILLETTERIE - Halle aux grains | Sc\u00e8ne nationale de Blois","robots":{"index":"index","follow":"follow","max-snippet":"max-snippet:-1","max-image-preview":"max-image-preview:large","max-video-preview":"max-video-preview:-1"},"canonical":"https:\/\/www.halleauxgrains.com\/site\/les-horaires-de-la-billetterie\/","og_locale":"fr_FR","og_type":"article","og_title":"LES HORAIRES DE LA BILLETTERIE - Halle aux grains | Sc\u00e8ne nationale de Blois","og_description":"L&rsquo;ACCUEIL-BILLETTERIE EST FERM\u00c9 ! R\u00e9ouverture pour la pr\u00e9sentation de saison du mardi 16 juin \u00e0 19h30 Vous pouvez continuer \u00e0 suivre toutes les actualit\u00e9s de la sc\u00e8ne nationale sur la page &gt;&nbsp;Facebook ou Instagram Pendant les p\u00e9riodes de cong\u00e9s (vacances scolaires, jours f\u00e9ri\u00e9s, ponts&#8230;) les horaires d\u2019ouverture peuvent varier, pensez \u00e0 les consulter sur cette &hellip; Continue reading LES HORAIRES DE LA BILLETTERIE","og_url":"https:\/\/www.halleauxgrains.com\/site\/les-horaires-de-la-billetterie\/","og_site_name":"Halle aux grains | Sc\u00e8ne nationale de Blois","article_publisher":"https:\/\/www.facebook.com\/scenenationaledeblois","article_modified_time":"2026-05-13T09:23:46+00:00","og_image":[{"width":660,"height":365,"url":"https:\/\/www.halleauxgrains.com\/site\/wp-content\/uploads\/2025\/05\/Header-NL230525-VisuelSaison.jpg","type":"image\/jpeg"}],"twitter_card":"summary_large_image","twitter_misc":{"Dur\u00e9e de lecture estim\u00e9e":"1 minute"},"schema":{"@context":"https:\/\/schema.org","@graph":[{"@type":"WebPage","@id":"https:\/\/www.halleauxgrains.com\/site\/les-horaires-de-la-billetterie\/","url":"https:\/\/www.halleauxgrains.com\/site\/les-horaires-de-la-billetterie\/","name":"LES HORAIRES DE LA BILLETTERIE - Halle aux grains | Sc\u00e8ne nationale de Blois","isPartOf":{"@id":"https:\/\/www.halleauxgrains.com\/site\/#website"},"datePublished":"2016-05-25T09:04:55+00:00","dateModified":"2026-05-13T09:23:46+00:00","breadcrumb":{"@id":"https:\/\/www.halleauxgrains.com\/site\/les-horaires-de-la-billetterie\/#breadcrumb"},"inLanguage":"fr-FR","potentialAction":[{"@type":"ReadAction","target":["https:\/\/www.halleauxgrains.com\/site\/les-horaires-de-la-billetterie\/"]}]},{"@type":"BreadcrumbList","@id":"https:\/\/www.halleauxgrains.com\/site\/les-horaires-de-la-billetterie\/#breadcrumb","itemListElement":[{"@type":"ListItem","position":1,"name":"Accueil","item":"https:\/\/www.halleauxgrains.com\/site\/"},{"@type":"ListItem","position":2,"name":"LES HORAIRES DE LA BILLETTERIE"}]},{"@type":"WebSite","@id":"https:\/\/www.halleauxgrains.com\/site\/#website","url":"https:\/\/www.halleauxgrains.com\/site\/","name":"Halle aux grains | Sc\u00e8ne nationale de Blois","description":"","publisher":{"@id":"https:\/\/www.halleauxgrains.com\/site\/#organization"},"potentialAction":[{"@type":"SearchAction","target":{"@type":"EntryPoint","urlTemplate":"https:\/\/www.halleauxgrains.com\/site\/?s={search_term_string}"},"query-input":"required name=search_term_string"}],"inLanguage":"fr-FR"},{"@type":"Organization","@id":"https:\/\/www.halleauxgrains.com\/site\/#organization","name":"Halle aux grains | Sc\u00e8ne nationale de Blois","url":"https:\/\/www.halleauxgrains.com\/site\/","logo":{"@type":"ImageObject","inLanguage":"fr-FR","@id":"https:\/\/www.halleauxgrains.com\/site\/#\/schema\/logo\/image\/","url":"https:\/\/www.halleauxgrains.com\/site\/wp-content\/uploads\/2025\/05\/VisuelSiteAccueil.jpg","contentUrl":"https:\/\/www.halleauxgrains.com\/site\/wp-content\/uploads\/2025\/05\/VisuelSiteAccueil.jpg","width":775,"height":775,"caption":"Halle aux grains | Sc\u00e8ne nationale de Blois"},"image":{"@id":"https:\/\/www.halleauxgrains.com\/site\/#\/schema\/logo\/image\/"},"sameAs":["https:\/\/www.facebook.com\/scenenationaledeblois","https:\/\/www.instagram.com\/lahagscenenationaledeblois","https:\/\/www.linkedin.com\/company\/la-halle-aux-grains-scene-nationale-de-blois\/"]}]}},"publishpress_future_action":{"enabled":false,"date":"1970-01-01 01:00:00","action":"","terms":[],"taxonomy":"","browser_timezone_offset":0},"_links":{"self":[{"href":"https:\/\/www.halleauxgrains.com\/site\/wp-json\/wp\/v2\/pages\/466"}],"collection":[{"href":"https:\/\/www.halleauxgrains.com\/site\/wp-json\/wp\/v2\/pages"}],"about":[{"href":"https:\/\/www.halleauxgrains.com\/site\/wp-json\/wp\/v2\/types\/page"}],"author":[{"embeddable":true,"href":"https:\/\/www.halleauxgrains.com\/site\/wp-json\/wp\/v2\/users\/2"}],"replies":[{"embeddable":true,"href":"https:\/\/www.halleauxgrains.com\/site\/wp-json\/wp\/v2\/comments?post=466"}],"version-history":[{"count":243,"href":"https:\/\/www.halleauxgrains.com\/site\/wp-json\/wp\/v2\/pages\/466\/revisions"}],"predecessor-version":[{"id":8481,"href":"https:\/\/www.halleauxgrains.com\/site\/wp-json\/wp\/v2\/pages\/466\/revisions\/8481"}],"wp:attachment":[{"href":"https:\/\/www.halleauxgrains.com\/site\/wp-json\/wp\/v2\/media?parent=466"}],"curies":[{"name":"wp","href":"https:\/\/api.w.org\/{rel}","templated":true}]}}