{"id":26,"date":"2016-02-26T16:15:07","date_gmt":"2016-02-26T15:15:07","guid":{"rendered":"https:\/\/www.halleauxgrains.com\/site\/?page_id=26"},"modified":"2025-05-28T08:47:24","modified_gmt":"2025-05-28T07:47:24","slug":"qui-sommes-nous","status":"publish","type":"page","link":"https:\/\/www.halleauxgrains.com\/site\/qui-sommes-nous\/","title":{"rendered":"Qui sommes-nous ?"},"content":{"rendered":"\n<div class=\"wp-block-columns is-layout-flex wp-container-core-columns-layout-1 wp-block-columns-is-layout-flex\">\n<div class=\"wp-block-column is-layout-flow wp-block-column-is-layout-flow\" style=\"flex-basis:50%\">\n<h2 class=\"wp-block-heading has-text-align-center has-text-color has-link-color wp-elements-f743eb2b73346e74f81871d85d34aacc\" style=\"color:#69b5a3\"><br>LE R\u00c9SEAU DES SC\u00c8NES NATIONALES<\/h2>\n<\/div>\n\n\n\n<div class=\"wp-block-column is-layout-flow wp-block-column-is-layout-flow\" style=\"flex-basis:33.33%\">\n<figure class=\"wp-block-image size-full\"><img loading=\"lazy\" decoding=\"async\" width=\"525\" height=\"308\" src=\"https:\/\/www.halleauxgrains.com\/site\/wp-content\/uploads\/2023\/05\/Logo_ASN.jpg\" alt=\"\" class=\"wp-image-6089\" srcset=\"https:\/\/www.halleauxgrains.com\/site\/wp-content\/uploads\/2023\/05\/Logo_ASN.jpg 525w, https:\/\/www.halleauxgrains.com\/site\/wp-content\/uploads\/2023\/05\/Logo_ASN-300x176.jpg 300w\" sizes=\"(max-width: 525px) 100vw, 525px\" \/><\/figure>\n<\/div>\n<\/div>\n\n\n\n<p>La Halle aux grains \u2013 Sc\u00e8ne nationale de Blois fait partie des 78 Sc\u00e8nes nationales implant\u00e9es en France m\u00e9tropolitaine et en Outre-mer, fruit de la rencontre autour d\u2019un lieu, entre une volont\u00e9 politique locale, des \u00e9lus et les services de l\u2019\u00c9tat. Ces structures mettent en \u0153uvre leurs projets pour que les habitants du territoire aillent \u00e0 la rencontre (ou l\u2019inverse) de tous les arts du spectacle vivant (th\u00e9\u00e2tre, danse, musique, cirque, marionnette\u2026).<\/p>\n\n\n\n<p>Rassembl\u00e9es en r\u00e9seau, les Sc\u00e8nes nationales organisent la circulation des \u0153uvres et sont \u00e9lev\u00e9es au rang de r\u00e9f\u00e9rence nationale pour leur projet artistique qui b\u00e9n\u00e9ficie d\u2019un rayonnement local, national, voire international.<br>Les Sc\u00e8nes nationales servent un m\u00eame projet social et d\u00e9mocratique en multipliant les initiatives d\u2019actions culturelles pour sensibiliser le plus grand nombre aux \u0153uvres de la cr\u00e9ation contemporaine.<\/p>\n\n\n\n<p><strong>Plus d\u2019infos sur <a href=\"https:\/\/www.scenes-nationales.fr\/\" target=\"_blank\" rel=\"noreferrer noopener\">www.scenes-nationales.fr<\/a><\/strong><\/p>\n\n\n<div class=\"wp-block-image\">\n<figure class=\"aligncenter size-full\"><img loading=\"lazy\" decoding=\"async\" width=\"660\" height=\"660\" src=\"https:\/\/www.halleauxgrains.com\/site\/wp-content\/uploads\/2024\/05\/Carte-ASN.jpg\" alt=\"\" class=\"wp-image-7045\" srcset=\"https:\/\/www.halleauxgrains.com\/site\/wp-content\/uploads\/2024\/05\/Carte-ASN.jpg 660w, https:\/\/www.halleauxgrains.com\/site\/wp-content\/uploads\/2024\/05\/Carte-ASN-300x300.jpg 300w, https:\/\/www.halleauxgrains.com\/site\/wp-content\/uploads\/2024\/05\/Carte-ASN-150x150.jpg 150w\" sizes=\"(max-width: 660px) 100vw, 660px\" \/><\/figure><\/div>\n\n\n<hr class=\"wp-block-separator has-alpha-channel-opacity\"\/>\n\n\n\n<h1 class=\"wp-block-heading\">\u00c9DITOS<\/h1>\n\n\n\n<p>Cette saison encore, la Halle aux grains &#8211; Sc\u00e8ne nationale de Blois, nous promet une programmation riche et vari\u00e9e, assurance de nombreux moments de plaisir et de d\u00e9couverte pour tous. Spectacles musicaux, jeune public, concerts, th\u00e9\u00e2tre, etc, autant de rendez-vous qui nous sont donn\u00e9s tout au long de cette ann\u00e9e et qui vont assur\u00e9ment provoquer encore notre enthousiasme.<\/p>\n\n\n<div class=\"wp-block-image\">\n<figure class=\"aligncenter size-full is-resized\"><img loading=\"lazy\" decoding=\"async\" width=\"1920\" height=\"2560\" src=\"https:\/\/www.halleauxgrains.com\/site\/wp-content\/uploads\/2025\/05\/VisuelEdito2Foreshadow_GauchyLola-1-scaled.jpeg\" alt=\"\" class=\"wp-image-7816\" style=\"width:244px;height:auto\" srcset=\"https:\/\/www.halleauxgrains.com\/site\/wp-content\/uploads\/2025\/05\/VisuelEdito2Foreshadow_GauchyLola-1-scaled.jpeg 1920w, https:\/\/www.halleauxgrains.com\/site\/wp-content\/uploads\/2025\/05\/VisuelEdito2Foreshadow_GauchyLola-1-225x300.jpeg 225w, https:\/\/www.halleauxgrains.com\/site\/wp-content\/uploads\/2025\/05\/VisuelEdito2Foreshadow_GauchyLola-1-768x1024.jpeg 768w, https:\/\/www.halleauxgrains.com\/site\/wp-content\/uploads\/2025\/05\/VisuelEdito2Foreshadow_GauchyLola-1-1152x1536.jpeg 1152w, https:\/\/www.halleauxgrains.com\/site\/wp-content\/uploads\/2025\/05\/VisuelEdito2Foreshadow_GauchyLola-1-1536x2048.jpeg 1536w, https:\/\/www.halleauxgrains.com\/site\/wp-content\/uploads\/2025\/05\/VisuelEdito2Foreshadow_GauchyLola-1-1320x1760.jpeg 1320w\" sizes=\"(max-width: 1920px) 100vw, 1920px\" \/><\/figure><\/div>\n\n\n<p>Dans un contexte national difficile pour le monde culturel, la Ville de Blois r\u00e9affirme son soutien ind\u00e9fectible \u00e0 la Sc\u00e8ne nationale, \u00e0 sa programmation qui enchante chaque ann\u00e9e un large public qui se renouvelle, ainsi bien s\u00fbr qu\u2019\u00e0 son directeur et \u00e0 son \u00e9quipe.<\/p>\n\n\n\n<p>Leur travail remarquable, men\u00e9 aussi en partenariat avec d\u2019autres acteurs culturels de la ville, contribue \u00e0 faire de Blois un p\u00f4le artistique vibrant et attractif.<\/p>\n\n\n\n<div class=\"wp-block-columns is-layout-flex wp-container-core-columns-layout-2 wp-block-columns-is-layout-flex\">\n<div class=\"wp-block-column is-layout-flow wp-block-column-is-layout-flow\"><div class=\"wp-block-image\">\n<figure class=\"aligncenter size-full is-resized\"><img loading=\"lazy\" decoding=\"async\" width=\"2560\" height=\"1920\" src=\"https:\/\/www.halleauxgrains.com\/site\/wp-content\/uploads\/2025\/05\/VisuelEdito1LaBarbichette-1-scaled.jpeg\" alt=\"\" class=\"wp-image-7815\" style=\"width:auto;height:280px\" srcset=\"https:\/\/www.halleauxgrains.com\/site\/wp-content\/uploads\/2025\/05\/VisuelEdito1LaBarbichette-1-scaled.jpeg 2560w, https:\/\/www.halleauxgrains.com\/site\/wp-content\/uploads\/2025\/05\/VisuelEdito1LaBarbichette-1-300x225.jpeg 300w, https:\/\/www.halleauxgrains.com\/site\/wp-content\/uploads\/2025\/05\/VisuelEdito1LaBarbichette-1-1024x768.jpeg 1024w, https:\/\/www.halleauxgrains.com\/site\/wp-content\/uploads\/2025\/05\/VisuelEdito1LaBarbichette-1-768x576.jpeg 768w, https:\/\/www.halleauxgrains.com\/site\/wp-content\/uploads\/2025\/05\/VisuelEdito1LaBarbichette-1-1536x1152.jpeg 1536w, https:\/\/www.halleauxgrains.com\/site\/wp-content\/uploads\/2025\/05\/VisuelEdito1LaBarbichette-1-2048x1536.jpeg 2048w, https:\/\/www.halleauxgrains.com\/site\/wp-content\/uploads\/2025\/05\/VisuelEdito1LaBarbichette-1-1320x990.jpeg 1320w\" sizes=\"(max-width: 2560px) 100vw, 2560px\" \/><\/figure><\/div><\/div>\n\n\n\n<div class=\"wp-block-column is-layout-flow wp-block-column-is-layout-flow\"><div class=\"wp-block-image\">\n<figure class=\"aligncenter size-full is-resized\"><img loading=\"lazy\" decoding=\"async\" width=\"2048\" height=\"1365\" src=\"https:\/\/www.halleauxgrains.com\/site\/wp-content\/uploads\/2025\/05\/VisuelEdito3KyleEastwood-1.jpg\" alt=\"\" class=\"wp-image-7818\" style=\"width:auto;height:280px\" srcset=\"https:\/\/www.halleauxgrains.com\/site\/wp-content\/uploads\/2025\/05\/VisuelEdito3KyleEastwood-1.jpg 2048w, https:\/\/www.halleauxgrains.com\/site\/wp-content\/uploads\/2025\/05\/VisuelEdito3KyleEastwood-1-300x200.jpg 300w, https:\/\/www.halleauxgrains.com\/site\/wp-content\/uploads\/2025\/05\/VisuelEdito3KyleEastwood-1-1024x683.jpg 1024w, https:\/\/www.halleauxgrains.com\/site\/wp-content\/uploads\/2025\/05\/VisuelEdito3KyleEastwood-1-768x512.jpg 768w, https:\/\/www.halleauxgrains.com\/site\/wp-content\/uploads\/2025\/05\/VisuelEdito3KyleEastwood-1-1536x1024.jpg 1536w, https:\/\/www.halleauxgrains.com\/site\/wp-content\/uploads\/2025\/05\/VisuelEdito3KyleEastwood-1-1320x880.jpg 1320w\" sizes=\"(max-width: 2048px) 100vw, 2048px\" \/><\/figure><\/div><\/div>\n<\/div>\n\n\n\n<p>\u00c0 l\u2019heure o\u00f9 la sombre actualit\u00e9 internationale nous inqui\u00e8te, la culture prend une dimension particuli\u00e8rement forte. Elle nous rappelle l\u2019importance de l\u2019art et de la cr\u00e9ativit\u00e9 pour enrichir nos vies, \u00e9largir nos horizons, \u00e9panouir notre soci\u00e9t\u00e9. La Halle aux grains &#8211; Sc\u00e8ne nationale de Blois, par sa diversit\u00e9 et son excellence, incarne cette vision et continue de nous inspirer saison apr\u00e8s saison.<\/p>\n\n\n\n<p>Ensemble, faisons de cette nouvelle programmation un moment de partage et de joie, \u00e0 la hauteur de nos aspirations et de nos valeurs.<\/p>\n\n\n\n<p><strong>Marc Gricourt,<\/strong><br><strong>Maire de Blois<\/strong><br><strong>Premier vice-pr\u00e9sident de la R\u00e9gion Centre-Val de Loire<\/strong><\/p>\n\n\n\n<hr class=\"wp-block-separator has-alpha-channel-opacity\"\/>\n\n\n\n<h2 class=\"wp-block-heading has-text-color has-link-color wp-elements-4695731d5d4cbde4bac20a27032ef169\" style=\"color:#00963d\">L\u2019OPTIMISME N\u2019EST PAS UN LUXE, IL EST UNE N\u00c9CESSIT\u00c9 !<\/h2>\n\n\n\n<p>Les artistes que nous recevons sont des coureuses et des coureurs de fond. Ils traversent les espaces temps et g\u00e9ographiques, cr\u00e9ent, envers et contre tout, dans des conditions qui se complexifient, mais toujours avec d\u00e9sir et d\u00e9termination. Ils font halte \u00e0 la Sc\u00e8ne nationale de Blois pour nous offrir l\u2019essentiel : faire irruption dans nos vies pour nous faire partager leurs r\u00eaves, leur joie, leurs obsessions et leur \u00e9nergie.<br><br>Ils nous font le r\u00e9cit de leurs humanit\u00e9s, leurs \u201cpetites\u201d histoires dans la \u201cgrande\u201d histoire, et inventent l\u2019art d\u2019aujourd\u2019hui et de demain, au croisement de la musique, du th\u00e9\u00e2tre, de la danse, du cirque, du conte et de la performance. Ils et elles sont forts et n\u00e9cessaires, fragiles et salutaires. Comme le sont les institutions culturelles de service public que nous construisons ann\u00e9e apr\u00e8s ann\u00e9e avec vous, en ouvrant de nouveaux chemins aux imaginaires.<br><br>Cette saison nous aurons \u00e0 c\u0153ur de proposer \u00e0 chacun de rejoindre d\u2019un peu plus pr\u00e8s les projets artistiques en faisant des exp\u00e9riences collectives et sensibles. Venez partager des moments insolites avec Les \u00c9chapp\u00e9es de la saison : Les D\u00e9couvertes, La Petite Troupe de la Sc\u00e8ne nationale, le Cycle danse, les p\u2019tits plus, les Cr\u00e9ations Complices, les Avant-sc\u00e8nes, les Bords-plateaux, les Midis curieux, les f\u00eates et les after shows que nous pr\u00e9parons pour vous ! Autant d\u2019occasions de d\u00e9couvrir les artistes et les projets, d\u2019\u00eatre au plus proche de la vie de la Sc\u00e8ne nationale, des spectacles, de pratiquer, d\u2019avoir un nouveau point de vue sur la programmation en \u00e9tant des spectateurs privil\u00e9gi\u00e9s !<\/p>\n\n\n\n<p class=\"has-text-color has-link-color wp-elements-de7abcfac4ed4235a5acc7c6c16b24d0\" style=\"color:#00963d\">Cette saison sera \u00e9galement celle de la curiosit\u00e9 libre et renouvel\u00e9e avec la formule souple de l\u2019adh\u00e9sion \u00e0 la saison qui vous permet d\u2019assister \u00e0 autant de spectacles que vous le souhaitez avec un tarif avantageux d\u00e8s le premier spectacle !<\/p>\n\n\n\n<p>Plus que jamais, nous croyons que le spectacle vivant est un espace g\u00e9n\u00e9reux de partage, d\u2019exp\u00e9riences en commun et\u2026 de f\u00eate !<\/p>\n\n\n\n<p>Bienvenue dans cette saison 25-26 !<\/p>\n\n\n\n<p><strong>Fr\u00e9d\u00e9ric Maragnani,<\/strong><br><strong>Directeur de la Halle aux grains \u2013 Sc\u00e8ne nationale de Blois<\/strong><\/p>\n","protected":false},"excerpt":{"rendered":"<p>LE R\u00c9SEAU DES SC\u00c8NES NATIONALES La Halle aux grains \u2013 Sc\u00e8ne nationale de Blois fait partie des 78 Sc\u00e8nes nationales implant\u00e9es en France m\u00e9tropolitaine et en Outre-mer, fruit de la rencontre autour d\u2019un lieu, entre une volont\u00e9 politique locale, des \u00e9lus et les services de l\u2019\u00c9tat. Ces structures mettent en \u0153uvre leurs projets pour que &hellip; <a href=\"https:\/\/www.halleauxgrains.com\/site\/qui-sommes-nous\/\" class=\"more-link\">Continue reading <span class=\"screen-reader-text\">Qui sommes-nous ?<\/span><\/a><\/p>\n","protected":false},"author":1,"featured_media":0,"parent":0,"menu_order":12,"comment_status":"closed","ping_status":"closed","template":"","meta":{"footnotes":""},"acf":[],"yoast_head":"<!-- This site is optimized with the Yoast SEO plugin v21.6 - https:\/\/yoast.com\/wordpress\/plugins\/seo\/ -->\n<title>Qui sommes-nous ? - Halle aux grains | Sc\u00e8ne nationale de Blois<\/title>\n<meta name=\"robots\" content=\"index, follow, max-snippet:-1, max-image-preview:large, max-video-preview:-1\" \/>\n<link rel=\"canonical\" href=\"https:\/\/www.halleauxgrains.com\/site\/qui-sommes-nous\/\" \/>\n<meta property=\"og:locale\" content=\"fr_FR\" \/>\n<meta property=\"og:type\" content=\"article\" \/>\n<meta property=\"og:title\" content=\"Qui sommes-nous ? - Halle aux grains | Sc\u00e8ne nationale de Blois\" \/>\n<meta property=\"og:description\" content=\"LE R\u00c9SEAU DES SC\u00c8NES NATIONALES La Halle aux grains \u2013 Sc\u00e8ne nationale de Blois fait partie des 78 Sc\u00e8nes nationales implant\u00e9es en France m\u00e9tropolitaine et en Outre-mer, fruit de la rencontre autour d\u2019un lieu, entre une volont\u00e9 politique locale, des \u00e9lus et les services de l\u2019\u00c9tat. Ces structures mettent en \u0153uvre leurs projets pour que &hellip; Continue reading Qui sommes-nous ?\" \/>\n<meta property=\"og:url\" content=\"https:\/\/www.halleauxgrains.com\/site\/qui-sommes-nous\/\" \/>\n<meta property=\"og:site_name\" content=\"Halle aux grains | Sc\u00e8ne nationale de Blois\" \/>\n<meta property=\"article:publisher\" content=\"https:\/\/www.facebook.com\/scenenationaledeblois\" \/>\n<meta property=\"article:modified_time\" content=\"2025-05-28T07:47:24+00:00\" \/>\n<meta property=\"og:image\" content=\"https:\/\/www.halleauxgrains.com\/site\/wp-content\/uploads\/2023\/05\/Logo_ASN.jpg\" \/>\n<meta name=\"twitter:card\" content=\"summary_large_image\" \/>\n<meta name=\"twitter:label1\" content=\"Dur\u00e9e de lecture estim\u00e9e\" \/>\n\t<meta name=\"twitter:data1\" content=\"5 minutes\" \/>\n<script type=\"application\/ld+json\" class=\"yoast-schema-graph\">{\"@context\":\"https:\/\/schema.org\",\"@graph\":[{\"@type\":\"WebPage\",\"@id\":\"https:\/\/www.halleauxgrains.com\/site\/qui-sommes-nous\/\",\"url\":\"https:\/\/www.halleauxgrains.com\/site\/qui-sommes-nous\/\",\"name\":\"Qui sommes-nous ? - Halle aux grains | Sc\u00e8ne nationale de Blois\",\"isPartOf\":{\"@id\":\"https:\/\/www.halleauxgrains.com\/site\/#website\"},\"datePublished\":\"2016-02-26T15:15:07+00:00\",\"dateModified\":\"2025-05-28T07:47:24+00:00\",\"breadcrumb\":{\"@id\":\"https:\/\/www.halleauxgrains.com\/site\/qui-sommes-nous\/#breadcrumb\"},\"inLanguage\":\"fr-FR\",\"potentialAction\":[{\"@type\":\"ReadAction\",\"target\":[\"https:\/\/www.halleauxgrains.com\/site\/qui-sommes-nous\/\"]}]},{\"@type\":\"BreadcrumbList\",\"@id\":\"https:\/\/www.halleauxgrains.com\/site\/qui-sommes-nous\/#breadcrumb\",\"itemListElement\":[{\"@type\":\"ListItem\",\"position\":1,\"name\":\"Accueil\",\"item\":\"https:\/\/www.halleauxgrains.com\/site\/\"},{\"@type\":\"ListItem\",\"position\":2,\"name\":\"Qui sommes-nous ?\"}]},{\"@type\":\"WebSite\",\"@id\":\"https:\/\/www.halleauxgrains.com\/site\/#website\",\"url\":\"https:\/\/www.halleauxgrains.com\/site\/\",\"name\":\"Halle aux grains | Sc\u00e8ne nationale de Blois\",\"description\":\"\",\"publisher\":{\"@id\":\"https:\/\/www.halleauxgrains.com\/site\/#organization\"},\"potentialAction\":[{\"@type\":\"SearchAction\",\"target\":{\"@type\":\"EntryPoint\",\"urlTemplate\":\"https:\/\/www.halleauxgrains.com\/site\/?s={search_term_string}\"},\"query-input\":\"required name=search_term_string\"}],\"inLanguage\":\"fr-FR\"},{\"@type\":\"Organization\",\"@id\":\"https:\/\/www.halleauxgrains.com\/site\/#organization\",\"name\":\"Halle aux grains | Sc\u00e8ne nationale de Blois\",\"url\":\"https:\/\/www.halleauxgrains.com\/site\/\",\"logo\":{\"@type\":\"ImageObject\",\"inLanguage\":\"fr-FR\",\"@id\":\"https:\/\/www.halleauxgrains.com\/site\/#\/schema\/logo\/image\/\",\"url\":\"https:\/\/www.halleauxgrains.com\/site\/wp-content\/uploads\/2025\/05\/VisuelSiteAccueil.jpg\",\"contentUrl\":\"https:\/\/www.halleauxgrains.com\/site\/wp-content\/uploads\/2025\/05\/VisuelSiteAccueil.jpg\",\"width\":775,\"height\":775,\"caption\":\"Halle aux grains | Sc\u00e8ne nationale de Blois\"},\"image\":{\"@id\":\"https:\/\/www.halleauxgrains.com\/site\/#\/schema\/logo\/image\/\"},\"sameAs\":[\"https:\/\/www.facebook.com\/scenenationaledeblois\",\"https:\/\/www.instagram.com\/lahagscenenationaledeblois\",\"https:\/\/www.linkedin.com\/company\/la-halle-aux-grains-scene-nationale-de-blois\/\"]}]}<\/script>\n<!-- \/ Yoast SEO plugin. -->","yoast_head_json":{"title":"Qui sommes-nous ? - Halle aux grains | Sc\u00e8ne nationale de Blois","robots":{"index":"index","follow":"follow","max-snippet":"max-snippet:-1","max-image-preview":"max-image-preview:large","max-video-preview":"max-video-preview:-1"},"canonical":"https:\/\/www.halleauxgrains.com\/site\/qui-sommes-nous\/","og_locale":"fr_FR","og_type":"article","og_title":"Qui sommes-nous ? - Halle aux grains | Sc\u00e8ne nationale de Blois","og_description":"LE R\u00c9SEAU DES SC\u00c8NES NATIONALES La Halle aux grains \u2013 Sc\u00e8ne nationale de Blois fait partie des 78 Sc\u00e8nes nationales implant\u00e9es en France m\u00e9tropolitaine et en Outre-mer, fruit de la rencontre autour d\u2019un lieu, entre une volont\u00e9 politique locale, des \u00e9lus et les services de l\u2019\u00c9tat. Ces structures mettent en \u0153uvre leurs projets pour que &hellip; Continue reading Qui sommes-nous ?","og_url":"https:\/\/www.halleauxgrains.com\/site\/qui-sommes-nous\/","og_site_name":"Halle aux grains | Sc\u00e8ne nationale de Blois","article_publisher":"https:\/\/www.facebook.com\/scenenationaledeblois","article_modified_time":"2025-05-28T07:47:24+00:00","og_image":[{"url":"https:\/\/www.halleauxgrains.com\/site\/wp-content\/uploads\/2023\/05\/Logo_ASN.jpg"}],"twitter_card":"summary_large_image","twitter_misc":{"Dur\u00e9e de lecture estim\u00e9e":"5 minutes"},"schema":{"@context":"https:\/\/schema.org","@graph":[{"@type":"WebPage","@id":"https:\/\/www.halleauxgrains.com\/site\/qui-sommes-nous\/","url":"https:\/\/www.halleauxgrains.com\/site\/qui-sommes-nous\/","name":"Qui sommes-nous ? - Halle aux grains | Sc\u00e8ne nationale de Blois","isPartOf":{"@id":"https:\/\/www.halleauxgrains.com\/site\/#website"},"datePublished":"2016-02-26T15:15:07+00:00","dateModified":"2025-05-28T07:47:24+00:00","breadcrumb":{"@id":"https:\/\/www.halleauxgrains.com\/site\/qui-sommes-nous\/#breadcrumb"},"inLanguage":"fr-FR","potentialAction":[{"@type":"ReadAction","target":["https:\/\/www.halleauxgrains.com\/site\/qui-sommes-nous\/"]}]},{"@type":"BreadcrumbList","@id":"https:\/\/www.halleauxgrains.com\/site\/qui-sommes-nous\/#breadcrumb","itemListElement":[{"@type":"ListItem","position":1,"name":"Accueil","item":"https:\/\/www.halleauxgrains.com\/site\/"},{"@type":"ListItem","position":2,"name":"Qui sommes-nous ?"}]},{"@type":"WebSite","@id":"https:\/\/www.halleauxgrains.com\/site\/#website","url":"https:\/\/www.halleauxgrains.com\/site\/","name":"Halle aux grains | Sc\u00e8ne nationale de Blois","description":"","publisher":{"@id":"https:\/\/www.halleauxgrains.com\/site\/#organization"},"potentialAction":[{"@type":"SearchAction","target":{"@type":"EntryPoint","urlTemplate":"https:\/\/www.halleauxgrains.com\/site\/?s={search_term_string}"},"query-input":"required name=search_term_string"}],"inLanguage":"fr-FR"},{"@type":"Organization","@id":"https:\/\/www.halleauxgrains.com\/site\/#organization","name":"Halle aux grains | Sc\u00e8ne nationale de Blois","url":"https:\/\/www.halleauxgrains.com\/site\/","logo":{"@type":"ImageObject","inLanguage":"fr-FR","@id":"https:\/\/www.halleauxgrains.com\/site\/#\/schema\/logo\/image\/","url":"https:\/\/www.halleauxgrains.com\/site\/wp-content\/uploads\/2025\/05\/VisuelSiteAccueil.jpg","contentUrl":"https:\/\/www.halleauxgrains.com\/site\/wp-content\/uploads\/2025\/05\/VisuelSiteAccueil.jpg","width":775,"height":775,"caption":"Halle aux grains | Sc\u00e8ne nationale de Blois"},"image":{"@id":"https:\/\/www.halleauxgrains.com\/site\/#\/schema\/logo\/image\/"},"sameAs":["https:\/\/www.facebook.com\/scenenationaledeblois","https:\/\/www.instagram.com\/lahagscenenationaledeblois","https:\/\/www.linkedin.com\/company\/la-halle-aux-grains-scene-nationale-de-blois\/"]}]}},"publishpress_future_action":{"enabled":false,"date":"1970-01-01 01:00:00","action":"","terms":[],"taxonomy":"","browser_timezone_offset":0},"_links":{"self":[{"href":"https:\/\/www.halleauxgrains.com\/site\/wp-json\/wp\/v2\/pages\/26"}],"collection":[{"href":"https:\/\/www.halleauxgrains.com\/site\/wp-json\/wp\/v2\/pages"}],"about":[{"href":"https:\/\/www.halleauxgrains.com\/site\/wp-json\/wp\/v2\/types\/page"}],"author":[{"embeddable":true,"href":"https:\/\/www.halleauxgrains.com\/site\/wp-json\/wp\/v2\/users\/1"}],"replies":[{"embeddable":true,"href":"https:\/\/www.halleauxgrains.com\/site\/wp-json\/wp\/v2\/comments?post=26"}],"version-history":[{"count":66,"href":"https:\/\/www.halleauxgrains.com\/site\/wp-json\/wp\/v2\/pages\/26\/revisions"}],"predecessor-version":[{"id":7821,"href":"https:\/\/www.halleauxgrains.com\/site\/wp-json\/wp\/v2\/pages\/26\/revisions\/7821"}],"wp:attachment":[{"href":"https:\/\/www.halleauxgrains.com\/site\/wp-json\/wp\/v2\/media?parent=26"}],"curies":[{"name":"wp","href":"https:\/\/api.w.org\/{rel}","templated":true}]}}